{"id":6603,"date":"2018-02-21T09:10:15","date_gmt":"2018-02-21T09:10:15","guid":{"rendered":"http:\/\/www.moizi.de\/?page_id=6603"},"modified":"2018-02-28T07:49:41","modified_gmt":"2018-02-28T07:49:41","slug":"acheve-dimprimer","status":"publish","type":"page","link":"https:\/\/www.moizi.de\/fr\/acheve-dimprimer\/","title":{"rendered":"Achev\u00e9 d&rsquo;imprimer"},"content":{"rendered":"<section  class='av_textblock_section av-av_textblock-2bd894dbf2e4bf2c4acf98ce4fbf94aa '   itemscope=\"itemscope\" itemtype=\"https:\/\/schema.org\/CreativeWork\" ><div class='avia_textblock'  itemprop=\"text\" ><h1>Achev\u00e9 d&rsquo;imprimer<\/h1>\n<p><strong>MOIZI M\u00f6bel GmbH<\/strong><br \/>\n<strong>Warburger Str. 37<\/strong><br \/>\n<strong>33034 Brakel<\/strong><\/p>\n<p>T\u00e9l.: 0049-5272 37 15 0<br \/>\nFax: 0049-5272 37 15 23<\/p>\n<p>Mail: moebel@moizi.de<br \/>\nInternet: www.moizi.de<\/p>\n<p><strong>Directeur g\u00e9n\u00e9ral en droit de repr\u00e9senter:<\/strong><br \/>\nRainer Hansmann<\/p>\n<p><strong>Tribunal d&rsquo;immatriculation:<\/strong><br \/>\nAmtsgericht Paderborn<\/p>\n<p><strong>N\u00b0 d&rsquo;immatriculation.:<\/strong><br \/>\nHRB 4614<\/p>\n<p><strong>N\u00b0 d&rsquo;identification TVA.<\/strong><br \/>\nDE 811719471<\/p>\n<p><strong>Responsable du contenu<\/strong><br \/>\nRainer Hansmann<\/p>\n<\/div><\/section>\n<\/div><\/div><\/div><!-- close content main div --><\/div><\/div>\n<style type=\"text\/css\" data-created_by=\"avia_inline_auto\" id=\"style-css-av-av_section-7847a03b9e71f89b216f412ad2d4c550\">\n.avia-section.av-av_section-7847a03b9e71f89b216f412ad2d4c550{\nbackground-color:#f7f7f7;\nbackground-image:unset;\n}\n<\/style>\n<div id='av_section_1'  class='avia-section av-av_section-7847a03b9e71f89b216f412ad2d4c550 main_color avia-section-default avia-no-shadow  avia-builder-el-1  el_after_av_textblock  el_before_av_textblock  avia-bg-style-scroll container_wrap fullsize'  ><div class='container av-section-cont-open' ><div class='template-page content  av-content-full alpha units'><div class='post-entry post-entry-type-page post-entry-6603'><div class='entry-content-wrapper clearfix'>\n<section  class='av_textblock_section av-av_textblock-2bd894dbf2e4bf2c4acf98ce4fbf94aa '   itemscope=\"itemscope\" itemtype=\"https:\/\/schema.org\/CreativeWork\" ><div class='avia_textblock'  itemprop=\"text\" ><p><strong>Responsabilit\u00e9 quant au contenu<\/strong><br \/>\nLe contenu de nos pages a \u00e9t\u00e9 \u00e9labor\u00e9 avec le plus grand soin. Nous ne pouvons toutefois pas garantir ni l&rsquo;exactitude, ni la compl\u00e9tude, ni l&rsquo;actualit\u00e9 des informations.<br \/>\nEn tant que prestataire de services, nous sommes responsables des contenus propres de ces pages selon les lois universelles conform\u00e9ment \u00e0 \u00a7 6 al.\u00a01 de la loi allemande sur la TVA (MDStV) et \u00a7\u00a08 al.\u00a01 de la loi allemande sur les t\u00e9l\u00e9services (TDG). Les fournisseurs de services ne sont cependant pas oblig\u00e9s de suivre ou de chercher, selon les circonstances, les informations ext\u00e9rieures enregistr\u00e9es ou que vous nous avez transmises qui font mention d&rsquo;une activit\u00e9 ill\u00e9gale. Les obligations de blocage de l&rsquo;exploitation d&rsquo;informations conform\u00e9ment aux lois universelles restent inchang\u00e9es. Toutefois, on peut \u00eatre responsable \u00e0 ce sujet d\u00e8s le moment o\u00f9 l&rsquo;on prend connaissance d&rsquo;une violation concr\u00e8te du droit. Nous supprimerons imm\u00e9diatement ces informations si nous apprenons une telle violation.<\/p>\n<p><strong>Responsabilit\u00e9 quant aux liens<\/strong><br \/>\nNotre offre comporte des liens vers des sites Internet tiers\u00a0; nous n&rsquo;avons aucune influence sur leurs contenus. C&rsquo;est pourquoi nous pouvons nous ne pouvons offrir aucune garantie non plus quant \u00e0 ces informations. Le fournisseur ou l&rsquo;exploitant des pages est toujours responsable de leur contenu. Les pages comportant un lien ont \u00e9t\u00e9 contr\u00f4l\u00e9es au moment de son \u00e9tablissement pour y d\u00e9celer d&rsquo;\u00e9ventuelles violations l\u00e9gales. Aucune information ill\u00e9gale n&rsquo;a \u00e9t\u00e9 trouv\u00e9 lors de l&rsquo;\u00e9tablissement des liens. Il n&rsquo;est pourtant pas acceptable de voir les informations fournies sur les pages contenant un lien faire l&rsquo;objet d&rsquo;un contr\u00f4le permanent sans indice de violation du droit. Nous supprimerons imm\u00e9diatement de tels liens si nous apprenons une violation.<\/p>\n<p><strong>Droit d&rsquo;auteur<\/strong><br \/>\nLes exploitants des pages s&rsquo;appliquent \u00e0 toujours respecter le droit d&rsquo;auteur des tiers ou d&rsquo;avoir recours \u00e0 des travaux propres ou hors licence.<br \/>\nLes informations et les travaux cr\u00e9\u00e9s par l&rsquo;exploitant du site sur ces pages sont soumis au droit d&rsquo;auteur allemand. Les contributions des tiers sont reconnues comme telles. La reproduction, la modification, le d\u00e9veloppement et tout type d&rsquo;exploitation hors des limites du droit d&rsquo;auteur n\u00e9cessitent l&rsquo;accord \u00e9crit de l&rsquo;auteur ou du cr\u00e9ateur concern\u00e9. Les t\u00e9l\u00e9chargements et copies de ces pages ne sont autoris\u00e9s qu&rsquo;\u00e0 des fins priv\u00e9es non commerciales.<\/p>\n<p><strong>Protection des donn\u00e9es<\/strong><br \/>\nLa publication de donn\u00e9es personnelles (par exemple le nom, l&rsquo;adresse ou l&rsquo;adresse e-mail) sur nos pages se fait toujours, dans la mesure du possible, sur une base volontaire. Il est toujours faisable, dans la mesure du possible, de b\u00e9n\u00e9ficier des offres et services sans fournir de don\u00e9nes personnelles.<br \/>\nPar la pr\u00e9sente, nous nous opposerons \u00e0 l&rsquo;exploitation des coordonn\u00e9es publi\u00e9es dans le cadre du devoir d&rsquo;achev\u00e9 d&rsquo;imprimer par un tiers pour transmission d&rsquo;une publicit\u00e9 et de documents informatifs qui ne sera pas express\u00e9ment demand\u00e9e. Les exploitants des pages se r\u00e9servent explicitement le droit d&rsquo;entamer des proc\u00e9dures judiciaires en cas d&rsquo;envoi spontan\u00e9 d&rsquo;informations publicitaires, par exemple par courriel ind\u00e9sirable.<\/p>\n<\/div><\/section>\n<\/div><\/div><\/div><!-- close content main div --><\/div><\/div><div id='after_section_1'  class='main_color av_default_container_wrap container_wrap fullsize'  ><div class='container av-section-cont-open' ><div class='template-page content  av-content-full alpha units'><div class='post-entry post-entry-type-page post-entry-6603'><div class='entry-content-wrapper clearfix'>\n<section  class='av_textblock_section av-av_textblock-2bd894dbf2e4bf2c4acf98ce4fbf94aa '   itemscope=\"itemscope\" itemtype=\"https:\/\/schema.org\/CreativeWork\" ><div class='avia_textblock'  itemprop=\"text\" ><p><iframe loading=\"lazy\" style=\"border: 0; height: 200px; width: 600px;\" src=\"https:\/\/piwik.dm-extra.de\/index.php?module=CoreAdminHome&amp;action=optOut&amp;idsite=63&amp;language=fr\" width=\"300\" height=\"150\"><\/iframe><\/p>\n<\/div><\/section>\n<section  class='av_textblock_section av-av_textblock-2bd894dbf2e4bf2c4acf98ce4fbf94aa '   itemscope=\"itemscope\" itemtype=\"https:\/\/schema.org\/CreativeWork\" ><div class='avia_textblock'  itemprop=\"text\" ><p><strong>Concept, texte et mise en pages<\/strong><br \/>\nSteuer Marketing und Kommunikation GmbH, Bielefeld<br \/>\nwww.agentur-steuer.de<\/p>\n<p><strong>Programmation, d\u00e9veloppement et exploitation<\/strong><br \/>\nDelta Media GmbH, Paderborn<br \/>\nwww.deltamedia.de<\/p>\n<\/div><\/section>\n","protected":false},"excerpt":{"rendered":"","protected":false},"author":3,"featured_media":0,"parent":0,"menu_order":0,"comment_status":"closed","ping_status":"closed","template":"","meta":{"footnotes":""},"class_list":["post-6603","page","type-page","status-publish","hentry"],"yoast_head":"<!-- This site is optimized with the Yoast SEO plugin v27.6 - https:\/\/yoast.com\/product\/yoast-seo-wordpress\/ -->\n<title>Achev\u00e9 d&#039;imprimer - MOIZI<\/title>\n<meta name=\"robots\" content=\"index, follow, max-snippet:-1, max-image-preview:large, max-video-preview:-1\" \/>\n<link rel=\"canonical\" href=\"https:\/\/www.moizi.de\/fr\/acheve-dimprimer\/\" \/>\n<meta property=\"og:locale\" content=\"fr_FR\" \/>\n<meta property=\"og:type\" content=\"article\" \/>\n<meta property=\"og:title\" content=\"Achev\u00e9 d&#039;imprimer - MOIZI\" \/>\n<meta property=\"og:url\" content=\"https:\/\/www.moizi.de\/fr\/acheve-dimprimer\/\" \/>\n<meta property=\"og:site_name\" content=\"MOIZI\" \/>\n<meta property=\"article:modified_time\" content=\"2018-02-28T07:49:41+00:00\" \/>\n<meta name=\"twitter:card\" content=\"summary_large_image\" \/>\n<meta name=\"twitter:label1\" content=\"Dur\u00e9e de lecture estim\u00e9e\" \/>\n\t<meta name=\"twitter:data1\" content=\"4 minutes\" \/>\n<script type=\"application\/ld+json\" class=\"yoast-schema-graph\">{\"@context\":\"https:\\\/\\\/schema.org\",\"@graph\":[{\"@type\":\"WebPage\",\"@id\":\"https:\\\/\\\/www.moizi.de\\\/fr\\\/acheve-dimprimer\\\/\",\"url\":\"https:\\\/\\\/www.moizi.de\\\/fr\\\/acheve-dimprimer\\\/\",\"name\":\"Achev\u00e9 d'imprimer - MOIZI\",\"isPartOf\":{\"@id\":\"https:\\\/\\\/www.moizi.de\\\/#website\"},\"datePublished\":\"2018-02-21T09:10:15+00:00\",\"dateModified\":\"2018-02-28T07:49:41+00:00\",\"breadcrumb\":{\"@id\":\"https:\\\/\\\/www.moizi.de\\\/fr\\\/acheve-dimprimer\\\/#breadcrumb\"},\"inLanguage\":\"fr-FR\",\"potentialAction\":[{\"@type\":\"ReadAction\",\"target\":[\"https:\\\/\\\/www.moizi.de\\\/fr\\\/acheve-dimprimer\\\/\"]}]},{\"@type\":\"BreadcrumbList\",\"@id\":\"https:\\\/\\\/www.moizi.de\\\/fr\\\/acheve-dimprimer\\\/#breadcrumb\",\"itemListElement\":[{\"@type\":\"ListItem\",\"position\":1,\"name\":\"Startseite\",\"item\":\"https:\\\/\\\/www.moizi.de\\\/fr\\\/\"},{\"@type\":\"ListItem\",\"position\":2,\"name\":\"Achev\u00e9 d&rsquo;imprimer\"}]},{\"@type\":\"WebSite\",\"@id\":\"https:\\\/\\\/www.moizi.de\\\/#website\",\"url\":\"https:\\\/\\\/www.moizi.de\\\/\",\"name\":\"MOIZI\",\"description\":\"Bewegt sitzen\",\"potentialAction\":[{\"@type\":\"SearchAction\",\"target\":{\"@type\":\"EntryPoint\",\"urlTemplate\":\"https:\\\/\\\/www.moizi.de\\\/?s={search_term_string}\"},\"query-input\":{\"@type\":\"PropertyValueSpecification\",\"valueRequired\":true,\"valueName\":\"search_term_string\"}}],\"inLanguage\":\"fr-FR\"}]}<\/script>\n<!-- \/ Yoast SEO plugin. -->","yoast_head_json":{"title":"Achev\u00e9 d'imprimer - MOIZI","robots":{"index":"index","follow":"follow","max-snippet":"max-snippet:-1","max-image-preview":"max-image-preview:large","max-video-preview":"max-video-preview:-1"},"canonical":"https:\/\/www.moizi.de\/fr\/acheve-dimprimer\/","og_locale":"fr_FR","og_type":"article","og_title":"Achev\u00e9 d'imprimer - MOIZI","og_url":"https:\/\/www.moizi.de\/fr\/acheve-dimprimer\/","og_site_name":"MOIZI","article_modified_time":"2018-02-28T07:49:41+00:00","twitter_card":"summary_large_image","twitter_misc":{"Dur\u00e9e de lecture estim\u00e9e":"4 minutes"},"schema":{"@context":"https:\/\/schema.org","@graph":[{"@type":"WebPage","@id":"https:\/\/www.moizi.de\/fr\/acheve-dimprimer\/","url":"https:\/\/www.moizi.de\/fr\/acheve-dimprimer\/","name":"Achev\u00e9 d'imprimer - MOIZI","isPartOf":{"@id":"https:\/\/www.moizi.de\/#website"},"datePublished":"2018-02-21T09:10:15+00:00","dateModified":"2018-02-28T07:49:41+00:00","breadcrumb":{"@id":"https:\/\/www.moizi.de\/fr\/acheve-dimprimer\/#breadcrumb"},"inLanguage":"fr-FR","potentialAction":[{"@type":"ReadAction","target":["https:\/\/www.moizi.de\/fr\/acheve-dimprimer\/"]}]},{"@type":"BreadcrumbList","@id":"https:\/\/www.moizi.de\/fr\/acheve-dimprimer\/#breadcrumb","itemListElement":[{"@type":"ListItem","position":1,"name":"Startseite","item":"https:\/\/www.moizi.de\/fr\/"},{"@type":"ListItem","position":2,"name":"Achev\u00e9 d&rsquo;imprimer"}]},{"@type":"WebSite","@id":"https:\/\/www.moizi.de\/#website","url":"https:\/\/www.moizi.de\/","name":"MOIZI","description":"Bewegt sitzen","potentialAction":[{"@type":"SearchAction","target":{"@type":"EntryPoint","urlTemplate":"https:\/\/www.moizi.de\/?s={search_term_string}"},"query-input":{"@type":"PropertyValueSpecification","valueRequired":true,"valueName":"search_term_string"}}],"inLanguage":"fr-FR"}]}},"_links":{"self":[{"href":"https:\/\/www.moizi.de\/fr\/wp-json\/wp\/v2\/pages\/6603","targetHints":{"allow":["GET"]}}],"collection":[{"href":"https:\/\/www.moizi.de\/fr\/wp-json\/wp\/v2\/pages"}],"about":[{"href":"https:\/\/www.moizi.de\/fr\/wp-json\/wp\/v2\/types\/page"}],"author":[{"embeddable":true,"href":"https:\/\/www.moizi.de\/fr\/wp-json\/wp\/v2\/users\/3"}],"replies":[{"embeddable":true,"href":"https:\/\/www.moizi.de\/fr\/wp-json\/wp\/v2\/comments?post=6603"}],"version-history":[{"count":3,"href":"https:\/\/www.moizi.de\/fr\/wp-json\/wp\/v2\/pages\/6603\/revisions"}],"predecessor-version":[{"id":6605,"href":"https:\/\/www.moizi.de\/fr\/wp-json\/wp\/v2\/pages\/6603\/revisions\/6605"}],"wp:attachment":[{"href":"https:\/\/www.moizi.de\/fr\/wp-json\/wp\/v2\/media?parent=6603"}],"curies":[{"name":"wp","href":"https:\/\/api.w.org\/{rel}","templated":true}]}}