{"id":6597,"date":"2018-02-21T08:55:36","date_gmt":"2018-02-21T08:55:36","guid":{"rendered":"http:\/\/www.moizi.de\/?page_id=6597"},"modified":"2018-02-21T08:55:36","modified_gmt":"2018-02-21T08:55:36","slug":"donnees-et-faits","status":"publish","type":"page","link":"https:\/\/www.moizi.de\/fr\/lentreprise\/donnees-et-faits\/","title":{"rendered":"Donn\u00e9es et faits"},"content":{"rendered":"<div id='av_section_1'  class='avia-section av-av_section-e20ec1361547d950b6e2569930d6aa41 main_color avia-section-default avia-no-shadow  avia-builder-el-0  el_before_av_section  avia-builder-el-first  avia-bg-style-scroll container_wrap fullsize'  ><div class='container av-section-cont-open' ><main  role=\"main\" itemprop=\"mainContentOfPage\"  class='template-page content  av-content-full alpha units'><div class='post-entry post-entry-type-page post-entry-6597'><div class='entry-content-wrapper clearfix'>\n\n<style type=\"text\/css\" data-created_by=\"avia_inline_auto\" id=\"style-css-av-av_heading-f820dbf45161367b611a498939135387\">\n#top .av-special-heading.av-av_heading-f820dbf45161367b611a498939135387{\npadding-bottom:10px;\n}\nbody .av-special-heading.av-av_heading-f820dbf45161367b611a498939135387 .av-special-heading-tag .heading-char{\nfont-size:25px;\n}\n.av-special-heading.av-av_heading-f820dbf45161367b611a498939135387 .av-subheading{\nfont-size:15px;\n}\n<\/style>\n<div  class='av-special-heading av-av_heading-f820dbf45161367b611a498939135387 av-special-heading-h1 blockquote modern-quote  avia-builder-el-1  el_before_av_one_half  avia-builder-el-first '><h1 class='av-special-heading-tag '  itemprop=\"headline\"  >Donn\u00e9es et faits<\/h1><div class=\"special-heading-border\"><div class=\"special-heading-inner-border\"><\/div><\/div><\/div>\n\n<style type=\"text\/css\" data-created_by=\"avia_inline_auto\" id=\"style-css-av-av_one_half-15d750bd1b332b34c6e70b077ebbccdf\">\n.flex_column.av-av_one_half-15d750bd1b332b34c6e70b077ebbccdf{\nborder-radius:0px 0px 0px 0px;\npadding:0px 0px 0px 0px;\n}\n<\/style>\n<div  class='flex_column av-av_one_half-15d750bd1b332b34c6e70b077ebbccdf av_one_half  avia-builder-el-2  el_after_av_heading  el_before_av_one_half  first flex_column_div av-zero-column-padding  '     ><section  class='av_textblock_section av-av_textblock-2bd894dbf2e4bf2c4acf98ce4fbf94aa '   itemscope=\"itemscope\" itemtype=\"https:\/\/schema.org\/CreativeWork\" ><div class='avia_textblock'  itemprop=\"text\" ><h3>Fabricant de chaises et fauteuils ergonomiques en h\u00eatre cintr\u00e9 pour une assise active et dynamique.<\/h3>\n<ul>\n<li>Fondation\u00a0: 1994<\/li>\n<li>Si\u00e8ge social\u00a0: Brakel, Westphalie<\/li>\n<li>Directeur g\u00e9n\u00e9ral\u00a0: Rainer Hansmann<\/li>\n<li>Collaborateurs\u00a0: 20<\/li>\n<li>Production\u00a0: Traitement en h\u00eatre cintr\u00e9 local, production et montage propre \u00ab\u00a0Fabriqu\u00e9 en Allemagne\u00a0\u00bb<\/li>\n<\/ul>\n<\/div><\/section><\/div>\n<style type=\"text\/css\" data-created_by=\"avia_inline_auto\" id=\"style-css-av-av_one_half-c8fc129dc35fd1ae2a1e410224d39ea8\">\n.flex_column.av-av_one_half-c8fc129dc35fd1ae2a1e410224d39ea8{\nborder-radius:0px 0px 0px 0px;\npadding:0px 0px 0px 0px;\n}\n<\/style>\n<div  class='flex_column av-av_one_half-c8fc129dc35fd1ae2a1e410224d39ea8 av_one_half  avia-builder-el-4  el_after_av_one_half  avia-builder-el-last  flex_column_div av-zero-column-padding  '     ><section  class='av_textblock_section av-av_textblock-2bd894dbf2e4bf2c4acf98ce4fbf94aa '   itemscope=\"itemscope\" itemtype=\"https:\/\/schema.org\/CreativeWork\" ><div class='avia_textblock'  itemprop=\"text\" ><h3>Marque : Les meubles Moizi se subdivisent en cinq secteurs diff\u00e9rents<\/h3>\n<ul>\n<li>Mobilier pour enfants et adolescents<\/li>\n<li>Si\u00e8ges dynamiques<\/li>\n<li>D\u00e9tente<\/li>\n<li>Travail<\/li>\n<li>Chaises de salle \u00e0 manger<\/li>\n<\/ul>\n<\/div><\/section><\/div><\/div><\/div><\/main><!-- close content main element --><\/div><\/div>\n<style type=\"text\/css\" data-created_by=\"avia_inline_auto\" id=\"style-css-av-av_section-7847a03b9e71f89b216f412ad2d4c550\">\n.avia-section.av-av_section-7847a03b9e71f89b216f412ad2d4c550{\nbackground-color:#f7f7f7;\nbackground-image:unset;\n}\n<\/style>\n<div id='av_section_2'  class='avia-section av-av_section-7847a03b9e71f89b216f412ad2d4c550 main_color avia-section-default avia-no-shadow  avia-builder-el-6  el_after_av_section  el_before_av_section  avia-bg-style-scroll container_wrap fullsize'  ><div class='container av-section-cont-open' ><div class='template-page content  av-content-full alpha units'><div class='post-entry post-entry-type-page post-entry-6597'><div class='entry-content-wrapper clearfix'>\n\n<style type=\"text\/css\" data-created_by=\"avia_inline_auto\" id=\"style-css-av-av_one_full-15d750bd1b332b34c6e70b077ebbccdf\">\n.flex_column.av-av_one_full-15d750bd1b332b34c6e70b077ebbccdf{\nborder-radius:0px 0px 0px 0px;\npadding:0px 0px 0px 0px;\n}\n<\/style>\n<div  class='flex_column av-av_one_full-15d750bd1b332b34c6e70b077ebbccdf av_one_full  avia-builder-el-7  avia-builder-el-no-sibling  first flex_column_div av-zero-column-padding  '     ><section  class='av_textblock_section av-av_textblock-2bd894dbf2e4bf2c4acf98ce4fbf94aa '   itemscope=\"itemscope\" itemtype=\"https:\/\/schema.org\/CreativeWork\" ><div class='avia_textblock'  itemprop=\"text\" ><h3>Certifications : AGR &#8211; Aktion gesunder R\u00fccken e.V.<\/h3>\n<p>Nombre de nos si\u00e8ges et fauteuils portent le label de qualit\u00e9 AGR. \u00d6kotest a donn\u00e9 l&rsquo;appr\u00e9ciation globale \u00ab\u00a0TR\u00c8S BON\u00a0\u00bb \u00e0 ce label de qualit\u00e9. Pour de plus amples informations, veuillez consulter le site\u00a0<a href=\"http:\/\/www.agr-ev.de\/\" target=\"_blank\" rel=\"noopener\">www.agr-ev.de<\/a><\/p>\n<p>Utilisation du mat\u00e9riel\u00a0: Les meubles MOIZI sont l\u00e9gers et naturels. Pour cette raison, nous employons du h\u00eatre cintr\u00e9 issu de for\u00eats locales exploit\u00e9es selon les principes du d\u00e9veloppement durable. Le principe de la durabilit\u00e9 signifie qu&rsquo;on n&rsquo;abat pas plus d&rsquo;arbres qu&rsquo;on n&rsquo;en plante.<\/p>\n<\/div><\/section><\/div><\/div><\/div><\/div><!-- close content main div --><\/div><\/div><div id='av_section_3'  class='avia-section av-av_section-e20ec1361547d950b6e2569930d6aa41 main_color avia-section-default avia-no-shadow  avia-builder-el-9  el_after_av_section  avia-builder-el-last  avia-bg-style-scroll container_wrap fullsize'  ><div class='container av-section-cont-open' ><div class='template-page content  av-content-full alpha units'><div class='post-entry post-entry-type-page post-entry-6597'><div class='entry-content-wrapper clearfix'>\n<section  class='av_textblock_section av-av_textblock-2de302bf1aa3cf4c9157dbe6f50ac7eb '   itemscope=\"itemscope\" itemtype=\"https:\/\/schema.org\/CreativeWork\" ><div class='avia_textblock'  itemprop=\"text\" ><\/div><\/section>\n<\/p>\n","protected":false},"excerpt":{"rendered":"","protected":false},"author":3,"featured_media":0,"parent":6583,"menu_order":2,"comment_status":"closed","ping_status":"closed","template":"","meta":{"footnotes":""},"class_list":["post-6597","page","type-page","status-publish","hentry"],"yoast_head":"<!-- This site is optimized with the Yoast SEO plugin v27.5 - https:\/\/yoast.com\/product\/yoast-seo-wordpress\/ -->\n<title>Donn\u00e9es et faits - MOIZI<\/title>\n<meta name=\"robots\" content=\"index, follow, max-snippet:-1, max-image-preview:large, max-video-preview:-1\" \/>\n<link rel=\"canonical\" href=\"https:\/\/www.moizi.de\/fr\/lentreprise\/donnees-et-faits\/\" \/>\n<meta property=\"og:locale\" content=\"fr_FR\" \/>\n<meta property=\"og:type\" content=\"article\" \/>\n<meta property=\"og:title\" content=\"Donn\u00e9es et faits - MOIZI\" \/>\n<meta property=\"og:url\" content=\"https:\/\/www.moizi.de\/fr\/lentreprise\/donnees-et-faits\/\" \/>\n<meta property=\"og:site_name\" content=\"MOIZI\" \/>\n<meta name=\"twitter:card\" content=\"summary_large_image\" \/>\n<meta name=\"twitter:label1\" content=\"Dur\u00e9e de lecture estim\u00e9e\" \/>\n\t<meta name=\"twitter:data1\" content=\"4 minutes\" \/>\n<script type=\"application\/ld+json\" class=\"yoast-schema-graph\">{\"@context\":\"https:\\\/\\\/schema.org\",\"@graph\":[{\"@type\":\"WebPage\",\"@id\":\"https:\\\/\\\/www.moizi.de\\\/fr\\\/lentreprise\\\/donnees-et-faits\\\/\",\"url\":\"https:\\\/\\\/www.moizi.de\\\/fr\\\/lentreprise\\\/donnees-et-faits\\\/\",\"name\":\"Donn\u00e9es et faits - MOIZI\",\"isPartOf\":{\"@id\":\"https:\\\/\\\/www.moizi.de\\\/#website\"},\"datePublished\":\"2018-02-21T08:55:36+00:00\",\"breadcrumb\":{\"@id\":\"https:\\\/\\\/www.moizi.de\\\/fr\\\/lentreprise\\\/donnees-et-faits\\\/#breadcrumb\"},\"inLanguage\":\"fr-FR\",\"potentialAction\":[{\"@type\":\"ReadAction\",\"target\":[\"https:\\\/\\\/www.moizi.de\\\/fr\\\/lentreprise\\\/donnees-et-faits\\\/\"]}]},{\"@type\":\"BreadcrumbList\",\"@id\":\"https:\\\/\\\/www.moizi.de\\\/fr\\\/lentreprise\\\/donnees-et-faits\\\/#breadcrumb\",\"itemListElement\":[{\"@type\":\"ListItem\",\"position\":1,\"name\":\"Startseite\",\"item\":\"https:\\\/\\\/www.moizi.de\\\/fr\\\/\"},{\"@type\":\"ListItem\",\"position\":2,\"name\":\"L\u2019ENTREPRISE\",\"item\":\"https:\\\/\\\/www.moizi.de\\\/fr\\\/lentreprise\\\/\"},{\"@type\":\"ListItem\",\"position\":3,\"name\":\"Donn\u00e9es et faits\"}]},{\"@type\":\"WebSite\",\"@id\":\"https:\\\/\\\/www.moizi.de\\\/#website\",\"url\":\"https:\\\/\\\/www.moizi.de\\\/\",\"name\":\"MOIZI\",\"description\":\"Bewegt sitzen\",\"potentialAction\":[{\"@type\":\"SearchAction\",\"target\":{\"@type\":\"EntryPoint\",\"urlTemplate\":\"https:\\\/\\\/www.moizi.de\\\/?s={search_term_string}\"},\"query-input\":{\"@type\":\"PropertyValueSpecification\",\"valueRequired\":true,\"valueName\":\"search_term_string\"}}],\"inLanguage\":\"fr-FR\"}]}<\/script>\n<!-- \/ Yoast SEO plugin. -->","yoast_head_json":{"title":"Donn\u00e9es et faits - MOIZI","robots":{"index":"index","follow":"follow","max-snippet":"max-snippet:-1","max-image-preview":"max-image-preview:large","max-video-preview":"max-video-preview:-1"},"canonical":"https:\/\/www.moizi.de\/fr\/lentreprise\/donnees-et-faits\/","og_locale":"fr_FR","og_type":"article","og_title":"Donn\u00e9es et faits - MOIZI","og_url":"https:\/\/www.moizi.de\/fr\/lentreprise\/donnees-et-faits\/","og_site_name":"MOIZI","twitter_card":"summary_large_image","twitter_misc":{"Dur\u00e9e de lecture estim\u00e9e":"4 minutes"},"schema":{"@context":"https:\/\/schema.org","@graph":[{"@type":"WebPage","@id":"https:\/\/www.moizi.de\/fr\/lentreprise\/donnees-et-faits\/","url":"https:\/\/www.moizi.de\/fr\/lentreprise\/donnees-et-faits\/","name":"Donn\u00e9es et faits - MOIZI","isPartOf":{"@id":"https:\/\/www.moizi.de\/#website"},"datePublished":"2018-02-21T08:55:36+00:00","breadcrumb":{"@id":"https:\/\/www.moizi.de\/fr\/lentreprise\/donnees-et-faits\/#breadcrumb"},"inLanguage":"fr-FR","potentialAction":[{"@type":"ReadAction","target":["https:\/\/www.moizi.de\/fr\/lentreprise\/donnees-et-faits\/"]}]},{"@type":"BreadcrumbList","@id":"https:\/\/www.moizi.de\/fr\/lentreprise\/donnees-et-faits\/#breadcrumb","itemListElement":[{"@type":"ListItem","position":1,"name":"Startseite","item":"https:\/\/www.moizi.de\/fr\/"},{"@type":"ListItem","position":2,"name":"L\u2019ENTREPRISE","item":"https:\/\/www.moizi.de\/fr\/lentreprise\/"},{"@type":"ListItem","position":3,"name":"Donn\u00e9es et faits"}]},{"@type":"WebSite","@id":"https:\/\/www.moizi.de\/#website","url":"https:\/\/www.moizi.de\/","name":"MOIZI","description":"Bewegt sitzen","potentialAction":[{"@type":"SearchAction","target":{"@type":"EntryPoint","urlTemplate":"https:\/\/www.moizi.de\/?s={search_term_string}"},"query-input":{"@type":"PropertyValueSpecification","valueRequired":true,"valueName":"search_term_string"}}],"inLanguage":"fr-FR"}]}},"_links":{"self":[{"href":"https:\/\/www.moizi.de\/fr\/wp-json\/wp\/v2\/pages\/6597","targetHints":{"allow":["GET"]}}],"collection":[{"href":"https:\/\/www.moizi.de\/fr\/wp-json\/wp\/v2\/pages"}],"about":[{"href":"https:\/\/www.moizi.de\/fr\/wp-json\/wp\/v2\/types\/page"}],"author":[{"embeddable":true,"href":"https:\/\/www.moizi.de\/fr\/wp-json\/wp\/v2\/users\/3"}],"replies":[{"embeddable":true,"href":"https:\/\/www.moizi.de\/fr\/wp-json\/wp\/v2\/comments?post=6597"}],"version-history":[{"count":2,"href":"https:\/\/www.moizi.de\/fr\/wp-json\/wp\/v2\/pages\/6597\/revisions"}],"predecessor-version":[{"id":6599,"href":"https:\/\/www.moizi.de\/fr\/wp-json\/wp\/v2\/pages\/6597\/revisions\/6599"}],"up":[{"embeddable":true,"href":"https:\/\/www.moizi.de\/fr\/wp-json\/wp\/v2\/pages\/6583"}],"wp:attachment":[{"href":"https:\/\/www.moizi.de\/fr\/wp-json\/wp\/v2\/media?parent=6597"}],"curies":[{"name":"wp","href":"https:\/\/api.w.org\/{rel}","templated":true}]}}