{"id":6510,"date":"2018-02-20T15:12:25","date_gmt":"2018-02-20T15:12:25","guid":{"rendered":"http:\/\/www.moizi.de\/?page_id=6510"},"modified":"2024-03-26T14:57:25","modified_gmt":"2024-03-26T14:57:25","slug":"home","status":"publish","type":"page","link":"https:\/\/www.moizi.de\/fr\/","title":{"rendered":"Home"},"content":{"rendered":"<div id='full_slider_1'  class='avia-fullwidth-slider main_color avia-shadow   avia-builder-el-0  el_before_av_section  avia-builder-el-first   container_wrap fullsize'  >\n<style type=\"text\/css\" data-created_by=\"avia_inline_auto\" id=\"style-css-av-se8rjy-bf657cfed1c2826c100dcc2c543bd2de\">\n#top .avia-slideshow .av-slideshow-caption.av-se8rjy-bf657cfed1c2826c100dcc2c543bd2de__0 .avia-caption-content{\nfont-size:50px;\n}\n#top .avia-slideshow .av-slideshow-caption.av-se8rjy-bf657cfed1c2826c100dcc2c543bd2de__0 .avia-caption-content p{\nfont-size:50px;\n}\n#top .avia-slideshow .av-slideshow-caption.av-se8rjy-bf657cfed1c2826c100dcc2c543bd2de__1 .avia-caption-content{\nfont-size:50px;\n}\n#top .avia-slideshow .av-slideshow-caption.av-se8rjy-bf657cfed1c2826c100dcc2c543bd2de__1 .avia-caption-content p{\nfont-size:50px;\n}\n#top .avia-slideshow .av-slideshow-caption.av-se8rjy-bf657cfed1c2826c100dcc2c543bd2de__2 .avia-caption-content{\nfont-size:50px;\n}\n#top .avia-slideshow .av-slideshow-caption.av-se8rjy-bf657cfed1c2826c100dcc2c543bd2de__2 .avia-caption-content p{\nfont-size:50px;\n}\n#top .avia-slideshow .av-slideshow-caption.av-se8rjy-bf657cfed1c2826c100dcc2c543bd2de__3 .avia-caption-content{\nfont-size:50px;\n}\n#top .avia-slideshow .av-slideshow-caption.av-se8rjy-bf657cfed1c2826c100dcc2c543bd2de__3 .avia-caption-content p{\nfont-size:50px;\n}\n<\/style>\n<div  class='avia-slideshow av-se8rjy-bf657cfed1c2826c100dcc2c543bd2de avia-slideshow-no scaling av_slideshow_full avia-fade-slider av-slideshow-ui av-control-minimal av-slideshow-manual av-loop-once av-loop-manual-endless av-default-height-applied   avia-slideshow-1' data-slideshow-options=\"{&quot;animation&quot;:&quot;fade&quot;,&quot;autoplay&quot;:false,&quot;loop_autoplay&quot;:&quot;once&quot;,&quot;interval&quot;:5,&quot;loop_manual&quot;:&quot;manual-endless&quot;,&quot;autoplay_stopper&quot;:false,&quot;noNavigation&quot;:false,&quot;bg_slider&quot;:false,&quot;keep_padding&quot;:false,&quot;hoverpause&quot;:false,&quot;show_slide_delay&quot;:0}\"  itemprop=\"image\" itemscope=\"itemscope\" itemtype=\"https:\/\/schema.org\/ImageObject\" ><ul class='avia-slideshow-inner ' style='padding-bottom: 26.041666666667%;'><li  class='avia-slideshow-slide av-se8rjy-bf657cfed1c2826c100dcc2c543bd2de__0  slide-1 slide-odd'><div data-rel='slideshow-1' class='avia-slide-wrap '   ><img decoding=\"async\" fetchpriority=\"high\" class=\"wp-image-6208 avia-img-lazy-loading-not-6208\"  src=\"https:\/\/www.moizi.de\/files\/uploads\/moizi_bewegt_sitzen_head_entspannungssessel.jpg\" width=\"1920\" height=\"500\" title='moizi_bewegt_sitzen_head_entspannungssessel' alt=''  itemprop=\"thumbnailUrl\" srcset=\"https:\/\/www.moizi.de\/files\/uploads\/moizi_bewegt_sitzen_head_entspannungssessel.jpg 1920w, https:\/\/www.moizi.de\/files\/uploads\/moizi_bewegt_sitzen_head_entspannungssessel-300x78.jpg 300w, https:\/\/www.moizi.de\/files\/uploads\/moizi_bewegt_sitzen_head_entspannungssessel-768x200.jpg 768w, https:\/\/www.moizi.de\/files\/uploads\/moizi_bewegt_sitzen_head_entspannungssessel-1030x268.jpg 1030w, https:\/\/www.moizi.de\/files\/uploads\/moizi_bewegt_sitzen_head_entspannungssessel-1500x391.jpg 1500w, https:\/\/www.moizi.de\/files\/uploads\/moizi_bewegt_sitzen_head_entspannungssessel-705x184.jpg 705w, https:\/\/www.moizi.de\/files\/uploads\/moizi_bewegt_sitzen_head_entspannungssessel-450x117.jpg 450w\" sizes=\"(max-width: 1920px) 100vw, 1920px\" \/><\/div><\/li><li  class='avia-slideshow-slide av-se8rjy-bf657cfed1c2826c100dcc2c543bd2de__1  slide-2 slide-even'><div data-rel='slideshow-1' class='avia-slide-wrap '   ><img decoding=\"async\" fetchpriority=\"high\" class=\"wp-image-6214 avia-img-lazy-loading-not-6214\"  src=\"https:\/\/www.moizi.de\/files\/uploads\/moizi_bewegt_sitzen_head_kinder_und_jugendmoebel-1.jpg\" width=\"1920\" height=\"500\" title='moizi_bewegt_sitzen_head_kinder_und_jugendmoebel' alt=''  itemprop=\"thumbnailUrl\" srcset=\"https:\/\/www.moizi.de\/files\/uploads\/moizi_bewegt_sitzen_head_kinder_und_jugendmoebel-1.jpg 1920w, https:\/\/www.moizi.de\/files\/uploads\/moizi_bewegt_sitzen_head_kinder_und_jugendmoebel-1-300x78.jpg 300w, https:\/\/www.moizi.de\/files\/uploads\/moizi_bewegt_sitzen_head_kinder_und_jugendmoebel-1-768x200.jpg 768w, https:\/\/www.moizi.de\/files\/uploads\/moizi_bewegt_sitzen_head_kinder_und_jugendmoebel-1-1030x268.jpg 1030w, https:\/\/www.moizi.de\/files\/uploads\/moizi_bewegt_sitzen_head_kinder_und_jugendmoebel-1-1500x391.jpg 1500w, https:\/\/www.moizi.de\/files\/uploads\/moizi_bewegt_sitzen_head_kinder_und_jugendmoebel-1-705x184.jpg 705w, https:\/\/www.moizi.de\/files\/uploads\/moizi_bewegt_sitzen_head_kinder_und_jugendmoebel-1-450x117.jpg 450w\" sizes=\"(max-width: 1920px) 100vw, 1920px\" \/><\/div><\/li><li  class='avia-slideshow-slide av-se8rjy-bf657cfed1c2826c100dcc2c543bd2de__2  slide-3 slide-odd'><div data-rel='slideshow-1' class='avia-slide-wrap '   ><img decoding=\"async\" fetchpriority=\"high\" class=\"wp-image-6212 avia-img-lazy-loading-not-6212\"  src=\"https:\/\/www.moizi.de\/files\/uploads\/moizi_bewegt_sitzen_head_dynamischer_arbeitsplatz-1.jpg\" width=\"1920\" height=\"500\" title='moizi_bewegt_sitzen_head_dynamischer_arbeitsplatz' alt=''  itemprop=\"thumbnailUrl\" srcset=\"https:\/\/www.moizi.de\/files\/uploads\/moizi_bewegt_sitzen_head_dynamischer_arbeitsplatz-1.jpg 1920w, https:\/\/www.moizi.de\/files\/uploads\/moizi_bewegt_sitzen_head_dynamischer_arbeitsplatz-1-300x78.jpg 300w, https:\/\/www.moizi.de\/files\/uploads\/moizi_bewegt_sitzen_head_dynamischer_arbeitsplatz-1-768x200.jpg 768w, https:\/\/www.moizi.de\/files\/uploads\/moizi_bewegt_sitzen_head_dynamischer_arbeitsplatz-1-1030x268.jpg 1030w, https:\/\/www.moizi.de\/files\/uploads\/moizi_bewegt_sitzen_head_dynamischer_arbeitsplatz-1-1500x391.jpg 1500w, https:\/\/www.moizi.de\/files\/uploads\/moizi_bewegt_sitzen_head_dynamischer_arbeitsplatz-1-705x184.jpg 705w, https:\/\/www.moizi.de\/files\/uploads\/moizi_bewegt_sitzen_head_dynamischer_arbeitsplatz-1-450x117.jpg 450w\" sizes=\"(max-width: 1920px) 100vw, 1920px\" \/><\/div><\/li><li  class='avia-slideshow-slide av-se8rjy-bf657cfed1c2826c100dcc2c543bd2de__3  slide-4 slide-even'><div data-rel='slideshow-1' class='avia-slide-wrap '   ><img decoding=\"async\" fetchpriority=\"high\" class=\"wp-image-6210 avia-img-lazy-loading-not-6210\"  src=\"https:\/\/www.moizi.de\/files\/uploads\/moizi_bewegt_sitzen_head_materialien-1.jpg\" width=\"1920\" height=\"500\" title='moizi_bewegt_sitzen_head_materialien' alt=''  itemprop=\"thumbnailUrl\" srcset=\"https:\/\/www.moizi.de\/files\/uploads\/moizi_bewegt_sitzen_head_materialien-1.jpg 1920w, https:\/\/www.moizi.de\/files\/uploads\/moizi_bewegt_sitzen_head_materialien-1-300x78.jpg 300w, https:\/\/www.moizi.de\/files\/uploads\/moizi_bewegt_sitzen_head_materialien-1-768x200.jpg 768w, https:\/\/www.moizi.de\/files\/uploads\/moizi_bewegt_sitzen_head_materialien-1-1030x268.jpg 1030w, https:\/\/www.moizi.de\/files\/uploads\/moizi_bewegt_sitzen_head_materialien-1-1500x391.jpg 1500w, https:\/\/www.moizi.de\/files\/uploads\/moizi_bewegt_sitzen_head_materialien-1-705x184.jpg 705w, https:\/\/www.moizi.de\/files\/uploads\/moizi_bewegt_sitzen_head_materialien-1-450x117.jpg 450w\" sizes=\"(max-width: 1920px) 100vw, 1920px\" \/><\/div><\/li><\/ul><div class='avia-slideshow-arrows avia-slideshow-controls' ><a href='#prev' class='prev-slide  avia-svg-icon avia-font-svg_entypo-fontello' data-av_svg_icon='left-open-big' data-av_iconset='svg_entypo-fontello' tabindex='-1' title=\"Pr\u00e9c\u00e9dent\"><svg version=\"1.1\" xmlns=\"http:\/\/www.w3.org\/2000\/svg\" width=\"15\" height=\"32\" viewBox=\"0 0 15 32\" preserveAspectRatio=\"xMidYMid meet\" aria-labelledby='av-svg-title-1' aria-describedby='av-svg-desc-1' role=\"graphics-symbol\" aria-hidden=\"true\">\n<title id='av-svg-title-1'>Pr\u00e9c\u00e9dent<\/title>\n<desc id='av-svg-desc-1'>Pr\u00e9c\u00e9dent<\/desc>\n<path d=\"M14.464 27.84q0.832 0.832 0 1.536-0.832 0.832-1.536 0l-12.544-12.608q-0.768-0.768 0-1.6l12.544-12.608q0.704-0.832 1.536 0 0.832 0.704 0 1.536l-11.456 11.904z\"><\/path>\n<\/svg><span class='avia_hidden_link_text'>Pr\u00e9c\u00e9dent<\/span><\/a><a href='#next' class='next-slide  avia-svg-icon avia-font-svg_entypo-fontello' data-av_svg_icon='right-open-big' data-av_iconset='svg_entypo-fontello' tabindex='-1' title=\"Suivant\"><svg version=\"1.1\" xmlns=\"http:\/\/www.w3.org\/2000\/svg\" width=\"15\" height=\"32\" viewBox=\"0 0 15 32\" preserveAspectRatio=\"xMidYMid meet\" aria-labelledby='av-svg-title-2' aria-describedby='av-svg-desc-2' role=\"graphics-symbol\" aria-hidden=\"true\">\n<title id='av-svg-title-2'>Suivant<\/title>\n<desc id='av-svg-desc-2'>Suivant<\/desc>\n<path d=\"M0.416 27.84l11.456-11.84-11.456-11.904q-0.832-0.832 0-1.536 0.832-0.832 1.536 0l12.544 12.608q0.768 0.832 0 1.6l-12.544 12.608q-0.704 0.832-1.536 0-0.832-0.704 0-1.536z\"><\/path>\n<\/svg><span class='avia_hidden_link_text'>Suivant<\/span><\/a><\/div><div class='avia-slideshow-dots avia-slideshow-controls'><a href='#1' class='goto-slide active' >1<\/a><a href='#2' class='goto-slide ' >2<\/a><a href='#3' class='goto-slide ' >3<\/a><a href='#4' class='goto-slide ' >4<\/a><\/div><\/div><\/div>\n<div id='av_section_1'  class='avia-section av-lc8e0u-c1cad1de1592e1bdc082711d5acaef83 main_color avia-section-default avia-no-shadow  avia-builder-el-1  el_after_av_slideshow_full  el_before_av_section  avia-bg-style-scroll container_wrap fullsize'  ><div class='container av-section-cont-open' ><div class='template-page content  av-content-full alpha units'><div class='post-entry post-entry-type-page post-entry-6510'><div class='entry-content-wrapper clearfix'>\n\n<style type=\"text\/css\" data-created_by=\"avia_inline_auto\" id=\"style-css-av-jnvofi-2175bfdb142becd15558feac12676f69\">\n.flex_column.av-jnvofi-2175bfdb142becd15558feac12676f69{\nborder-radius:0px 0px 0px 0px;\npadding:0px 0px 0px 0px;\n}\n<\/style>\n<div  class='flex_column av-jnvofi-2175bfdb142becd15558feac12676f69 av_one_full  avia-builder-el-2  avia-builder-el-no-sibling  first flex_column_div av-zero-column-padding  '     ><style type=\"text\/css\" data-created_by=\"avia_inline_auto\" id=\"style-css-av-1q12tq-a83cfd607521938b247a50c758ea4e3e\">\n#top .av_textblock_section.av-1q12tq-a83cfd607521938b247a50c758ea4e3e .avia_textblock{\nfont-size:20px;\n}\n<\/style>\n<section  class='av_textblock_section av-1q12tq-a83cfd607521938b247a50c758ea4e3e '   itemscope=\"itemscope\" itemtype=\"https:\/\/schema.org\/CreativeWork\" ><div class='avia_textblock'  itemprop=\"text\" ><h1 style=\"text-align: center;\">NOUS METTONS TOUTE NOTRE PASSION AU SERVICE D\u2019UNE POSITION ASSISE SAINE.<\/h1>\n<p style=\"text-align: center;\">Depuis 1994, nous fabriquons des si\u00e8ges qui apportent un soutien actif \u00e0 votre sant\u00e9. Inspir\u00e9s par le designer Peter MOIZI, qui nous en a donn\u00e9 l\u2019id\u00e9e, nous nous sommes concentr\u00e9s sur le th\u00e8me du confort dynamique et avons acquis une expertise \u00e9lev\u00e9e dans ce domaine.<\/p>\n<\/div><\/section><\/div>\n\n<\/div><\/div><\/div><!-- close content main div --><\/div><\/div>\n<style type=\"text\/css\" data-created_by=\"avia_inline_auto\" id=\"style-css-av-gdscla-eb575ccd484e6998716394d577161a5c\">\n.avia-section.av-gdscla-eb575ccd484e6998716394d577161a5c{\nbackground-color:#f7f7f7;\nbackground-image:unset;\n}\n<\/style>\n<div id='av_section_2'  class='avia-section av-gdscla-eb575ccd484e6998716394d577161a5c main_color avia-section-default avia-no-shadow  avia-builder-el-4  el_after_av_section  el_before_av_section  avia-bg-style-scroll container_wrap fullsize'  ><div class='container av-section-cont-open' ><div class='template-page content  av-content-full alpha units'><div class='post-entry post-entry-type-page post-entry-6510'><div class='entry-content-wrapper clearfix'>\n\n<style type=\"text\/css\" data-created_by=\"avia_inline_auto\" id=\"style-css-av-chlu7i-af8a7afb88f52941d8165b938499f4cf\">\n.flex_column.av-chlu7i-af8a7afb88f52941d8165b938499f4cf{\nborder-radius:0px 0px 0px 0px;\npadding:0px 0px 0px 0px;\n}\n<\/style>\n<div  class='flex_column av-chlu7i-af8a7afb88f52941d8165b938499f4cf av_one_third  avia-builder-el-5  el_before_av_one_third  avia-builder-el-first  first flex_column_div av-zero-column-padding  '     ><\/div>\n<style type=\"text\/css\" data-created_by=\"avia_inline_auto\" id=\"style-css-av-8vv226-02cac6625658694ac9c5159dfc2918bd\">\n.flex_column.av-8vv226-02cac6625658694ac9c5159dfc2918bd{\nborder-radius:0px 0px 0px 0px;\npadding:0px 0px 0px 0px;\n}\n<\/style>\n<div  class='flex_column av-8vv226-02cac6625658694ac9c5159dfc2918bd av_one_third  avia-builder-el-7  el_after_av_one_third  el_before_av_one_third  flex_column_div av-zero-column-padding  '     ><\/div>\n<style type=\"text\/css\" data-created_by=\"avia_inline_auto\" id=\"style-css-av-68jrtq-fa612b1d5a88f36e1d9094321925acba\">\n.flex_column.av-68jrtq-fa612b1d5a88f36e1d9094321925acba{\nborder-radius:0px 0px 0px 0px;\npadding:0px 0px 0px 0px;\n}\n<\/style>\n<div  class='flex_column av-68jrtq-fa612b1d5a88f36e1d9094321925acba av_one_third  avia-builder-el-9  el_after_av_one_third  avia-builder-el-last  flex_column_div av-zero-column-padding  '     ><\/div><\/div><\/div><\/div><!-- close content main div --><\/div><\/div><div id='av_section_3'  class='avia-section av-2vwpim-7213472164d9be398a679005a74a41a1 main_color avia-section-default avia-no-shadow  avia-builder-el-11  el_after_av_section  avia-builder-el-last  avia-bg-style-scroll container_wrap fullsize'  ><div class='container av-section-cont-open' ><div class='template-page content  av-content-full alpha units'><div class='post-entry post-entry-type-page post-entry-6510'><div class='entry-content-wrapper clearfix'><\/p>\n","protected":false},"excerpt":{"rendered":"","protected":false},"author":4,"featured_media":0,"parent":0,"menu_order":0,"comment_status":"closed","ping_status":"closed","template":"","meta":{"footnotes":""},"class_list":["post-6510","page","type-page","status-publish","hentry"],"yoast_head":"<!-- This site is optimized with the Yoast SEO plugin v27.5 - https:\/\/yoast.com\/product\/yoast-seo-wordpress\/ -->\n<title>Home - MOIZI<\/title>\n<meta name=\"robots\" content=\"index, follow, max-snippet:-1, max-image-preview:large, max-video-preview:-1\" \/>\n<link rel=\"canonical\" href=\"https:\/\/www.moizi.de\/fr\/\" \/>\n<meta property=\"og:locale\" content=\"fr_FR\" \/>\n<meta property=\"og:type\" content=\"article\" \/>\n<meta property=\"og:title\" content=\"Home - MOIZI\" \/>\n<meta property=\"og:url\" content=\"https:\/\/www.moizi.de\/fr\/\" \/>\n<meta property=\"og:site_name\" content=\"MOIZI\" \/>\n<meta property=\"article:modified_time\" content=\"2024-03-26T14:57:25+00:00\" \/>\n<meta name=\"twitter:card\" content=\"summary_large_image\" \/>\n<meta name=\"twitter:label1\" content=\"Dur\u00e9e de lecture estim\u00e9e\" \/>\n\t<meta name=\"twitter:data1\" content=\"2 minutes\" \/>\n<script type=\"application\/ld+json\" class=\"yoast-schema-graph\">{\"@context\":\"https:\\\/\\\/schema.org\",\"@graph\":[{\"@type\":\"WebPage\",\"@id\":\"https:\\\/\\\/www.moizi.de\\\/fr\\\/\",\"url\":\"https:\\\/\\\/www.moizi.de\\\/fr\\\/\",\"name\":\"Home - MOIZI\",\"isPartOf\":{\"@id\":\"https:\\\/\\\/www.moizi.de\\\/#website\"},\"datePublished\":\"2018-02-20T15:12:25+00:00\",\"dateModified\":\"2024-03-26T14:57:25+00:00\",\"breadcrumb\":{\"@id\":\"https:\\\/\\\/www.moizi.de\\\/fr\\\/#breadcrumb\"},\"inLanguage\":\"fr-FR\",\"potentialAction\":[{\"@type\":\"ReadAction\",\"target\":[\"https:\\\/\\\/www.moizi.de\\\/fr\\\/\"]}]},{\"@type\":\"BreadcrumbList\",\"@id\":\"https:\\\/\\\/www.moizi.de\\\/fr\\\/#breadcrumb\",\"itemListElement\":[{\"@type\":\"ListItem\",\"position\":1,\"name\":\"Startseite\",\"item\":\"https:\\\/\\\/www.moizi.de\\\/fr\\\/\"},{\"@type\":\"ListItem\",\"position\":2,\"name\":\"Home\"}]},{\"@type\":\"WebSite\",\"@id\":\"https:\\\/\\\/www.moizi.de\\\/#website\",\"url\":\"https:\\\/\\\/www.moizi.de\\\/\",\"name\":\"MOIZI\",\"description\":\"Bewegt sitzen\",\"potentialAction\":[{\"@type\":\"SearchAction\",\"target\":{\"@type\":\"EntryPoint\",\"urlTemplate\":\"https:\\\/\\\/www.moizi.de\\\/?s={search_term_string}\"},\"query-input\":{\"@type\":\"PropertyValueSpecification\",\"valueRequired\":true,\"valueName\":\"search_term_string\"}}],\"inLanguage\":\"fr-FR\"}]}<\/script>\n<!-- \/ Yoast SEO plugin. -->","yoast_head_json":{"title":"Home - MOIZI","robots":{"index":"index","follow":"follow","max-snippet":"max-snippet:-1","max-image-preview":"max-image-preview:large","max-video-preview":"max-video-preview:-1"},"canonical":"https:\/\/www.moizi.de\/fr\/","og_locale":"fr_FR","og_type":"article","og_title":"Home - MOIZI","og_url":"https:\/\/www.moizi.de\/fr\/","og_site_name":"MOIZI","article_modified_time":"2024-03-26T14:57:25+00:00","twitter_card":"summary_large_image","twitter_misc":{"Dur\u00e9e de lecture estim\u00e9e":"2 minutes"},"schema":{"@context":"https:\/\/schema.org","@graph":[{"@type":"WebPage","@id":"https:\/\/www.moizi.de\/fr\/","url":"https:\/\/www.moizi.de\/fr\/","name":"Home - MOIZI","isPartOf":{"@id":"https:\/\/www.moizi.de\/#website"},"datePublished":"2018-02-20T15:12:25+00:00","dateModified":"2024-03-26T14:57:25+00:00","breadcrumb":{"@id":"https:\/\/www.moizi.de\/fr\/#breadcrumb"},"inLanguage":"fr-FR","potentialAction":[{"@type":"ReadAction","target":["https:\/\/www.moizi.de\/fr\/"]}]},{"@type":"BreadcrumbList","@id":"https:\/\/www.moizi.de\/fr\/#breadcrumb","itemListElement":[{"@type":"ListItem","position":1,"name":"Startseite","item":"https:\/\/www.moizi.de\/fr\/"},{"@type":"ListItem","position":2,"name":"Home"}]},{"@type":"WebSite","@id":"https:\/\/www.moizi.de\/#website","url":"https:\/\/www.moizi.de\/","name":"MOIZI","description":"Bewegt sitzen","potentialAction":[{"@type":"SearchAction","target":{"@type":"EntryPoint","urlTemplate":"https:\/\/www.moizi.de\/?s={search_term_string}"},"query-input":{"@type":"PropertyValueSpecification","valueRequired":true,"valueName":"search_term_string"}}],"inLanguage":"fr-FR"}]}},"_links":{"self":[{"href":"https:\/\/www.moizi.de\/fr\/wp-json\/wp\/v2\/pages\/6510","targetHints":{"allow":["GET"]}}],"collection":[{"href":"https:\/\/www.moizi.de\/fr\/wp-json\/wp\/v2\/pages"}],"about":[{"href":"https:\/\/www.moizi.de\/fr\/wp-json\/wp\/v2\/types\/page"}],"author":[{"embeddable":true,"href":"https:\/\/www.moizi.de\/fr\/wp-json\/wp\/v2\/users\/4"}],"replies":[{"embeddable":true,"href":"https:\/\/www.moizi.de\/fr\/wp-json\/wp\/v2\/comments?post=6510"}],"version-history":[{"count":5,"href":"https:\/\/www.moizi.de\/fr\/wp-json\/wp\/v2\/pages\/6510\/revisions"}],"predecessor-version":[{"id":9752,"href":"https:\/\/www.moizi.de\/fr\/wp-json\/wp\/v2\/pages\/6510\/revisions\/9752"}],"wp:attachment":[{"href":"https:\/\/www.moizi.de\/fr\/wp-json\/wp\/v2\/media?parent=6510"}],"curies":[{"name":"wp","href":"https:\/\/api.w.org\/{rel}","templated":true}]}}