{"id":6466,"date":"2018-02-20T14:53:04","date_gmt":"2018-02-20T14:53:04","guid":{"rendered":"http:\/\/www.moizi.de\/?page_id=6466"},"modified":"2023-11-06T09:48:16","modified_gmt":"2023-11-06T09:48:16","slug":"magasins","status":"publish","type":"page","link":"https:\/\/www.moizi.de\/fr\/magasins\/","title":{"rendered":"Magasins"},"content":{"rendered":"\n<style type=\"text\/css\" data-created_by=\"avia_inline_auto\" id=\"style-css-av-8mcz7m-112b6951ee370f4c6eb5ef0991c5b874\">\n#top .av-special-heading.av-8mcz7m-112b6951ee370f4c6eb5ef0991c5b874{\npadding-bottom:10px;\n}\nbody .av-special-heading.av-8mcz7m-112b6951ee370f4c6eb5ef0991c5b874 .av-special-heading-tag .heading-char{\nfont-size:25px;\n}\n.av-special-heading.av-8mcz7m-112b6951ee370f4c6eb5ef0991c5b874 .av-subheading{\nfont-size:15px;\n}\n<\/style>\n<div  class='av-special-heading av-8mcz7m-112b6951ee370f4c6eb5ef0991c5b874 av-special-heading-h1 blockquote modern-quote  avia-builder-el-0  el_before_av_two_third  avia-builder-el-first '><h1 class='av-special-heading-tag '  itemprop=\"headline\"  >Recherche de magasin<\/h1><div class=\"special-heading-border\"><div class=\"special-heading-inner-border\"><\/div><\/div><\/div>\n\n<style type=\"text\/css\" data-created_by=\"avia_inline_auto\" id=\"style-css-av-7nlowy-970879ae793a889c1b76e520b9b7e39f\">\n.flex_column.av-7nlowy-970879ae793a889c1b76e520b9b7e39f{\nborder-radius:0px 0px 0px 0px;\npadding:0px 0px 0px 0px;\n}\n<\/style>\n<div  class='flex_column av-7nlowy-970879ae793a889c1b76e520b9b7e39f av_two_third  avia-builder-el-1  el_after_av_heading  el_before_av_one_third  first flex_column_div av-zero-column-padding  '     ><\/div>\n<style type=\"text\/css\" data-created_by=\"avia_inline_auto\" id=\"style-css-av-4chhwy-7705be8bf2cf2b342551895163f9017e\">\n.flex_column.av-4chhwy-7705be8bf2cf2b342551895163f9017e{\nborder-radius:0px 0px 0px 0px;\npadding:0px 0px 0px 0px;\n}\n<\/style>\n<div  class='flex_column av-4chhwy-7705be8bf2cf2b342551895163f9017e av_one_third  avia-builder-el-3  el_after_av_two_third  avia-builder-el-last  flex_column_div av-zero-column-padding  '     ><section  class='av_textblock_section av-39u1bm-88130e65df8e28b3b47f9652907c745e '   itemscope=\"itemscope\" itemtype=\"https:\/\/schema.org\/CreativeWork\" ><div class='avia_textblock'  itemprop=\"text\" ><p>Sortiment<\/p>\n<ul class=\"no-list-style\">\n<li><img loading=\"lazy\" decoding=\"async\" class=\"alignnone wp-image-1735\" src=\"\/files\/uploads\/Kreis_rot.png\" alt=\"\" width=\"17\" height=\"17\" \/> <img loading=\"lazy\" decoding=\"async\" class=\"alignnone wp-image-1735\" src=\"\/files\/uploads\/Kreis_rot-half.png\" alt=\"\" width=\"17\" height=\"17\" \/> Meubles pour enfants et adolescents<\/li>\n<li><img loading=\"lazy\" decoding=\"async\" class=\"alignnone wp-image-1734\" src=\"\/files\/uploads\/Kreis_orange.png\" alt=\"\" width=\"17\" height=\"17\" \/> <img loading=\"lazy\" decoding=\"async\" class=\"alignnone wp-image-1734\" src=\"\/files\/uploads\/Kreis_orange-half.png\" alt=\"\" width=\"17\" height=\"17\" \/> Si\u00e8ges dynamiques<\/li>\n<li><img loading=\"lazy\" decoding=\"async\" class=\"alignnone wp-image-1733\" src=\"\/files\/uploads\/Kreis_gruen.png\" alt=\"\" width=\"17\" height=\"17\" \/> <img loading=\"lazy\" decoding=\"async\" class=\"alignnone wp-image-1733\" src=\"\/files\/uploads\/Kreis_gruen-half.png\" alt=\"\" width=\"17\" height=\"17\" \/> Si\u00e8ge de relaxation<\/li>\n<li><img loading=\"lazy\" decoding=\"async\" class=\"alignnone wp-image-1739\" src=\"\/files\/uploads\/Kreis_blau.png\" alt=\"\" width=\"17\" height=\"17\" \/> <img loading=\"lazy\" decoding=\"async\" class=\"alignnone wp-image-1739\" src=\"\/files\/uploads\/Kreis_blau-half.png\" alt=\"\" width=\"17\" height=\"17\" \/> Poste de travail dynamique<\/li>\n<li><img loading=\"lazy\" decoding=\"async\" class=\"alignnone wp-image-1736\" src=\"\/files\/uploads\/Kreis_violett.png\" alt=\"\" width=\"17\" height=\"17\" \/> <img loading=\"lazy\" decoding=\"async\" class=\"alignnone wp-image-1736\" src=\"\/files\/uploads\/Kreis_violett-half.png\" alt=\"\" width=\"17\" height=\"17\" \/> Chaises de salle \u00e0 manger<\/li>\n<\/ul>\n<ul class=\"no-list-style\">\n<li><img loading=\"lazy\" decoding=\"async\" class=\"alignnone wp-image-1737\" src=\"\/files\/uploads\/Probestuhl.png\" alt=\"\" width=\"17\" height=\"17\" \/>\u00a0Si\u00e8ge d&rsquo;essai (pr\u00eat possible sur demande)<\/li>\n<li><img loading=\"lazy\" decoding=\"async\" class=\"alignnone wp-image-1738\" src=\"\/files\/uploads\/AGR.png\" alt=\"\" width=\"17\" height=\"17\" \/>\u00a0Distributeur certifi\u00e9 AGR (plus d&rsquo;infos:<a href=\"http:\/\/www.agr-ev.de\/\" target=\"_blank\" rel=\"noopener\">www.agr.de<\/a>)<\/li>\n<\/ul>\n<p>Si vous ne trouvez pas d\u2019adresse proche dans cette liste, il vous suffit de nous envoyez vos ville et code postal et nous vous indiquerons un revendeur sp\u00e9cialis\u00e9 MOIZI pr\u00e8s de chez vous.<\/p>\n<\/div><\/section><\/div><\/p>\n","protected":false},"excerpt":{"rendered":"","protected":false},"author":4,"featured_media":0,"parent":0,"menu_order":0,"comment_status":"closed","ping_status":"closed","template":"","meta":{"footnotes":""},"class_list":["post-6466","page","type-page","status-publish","hentry"],"yoast_head":"<!-- This site is optimized with the Yoast SEO plugin v27.4 - https:\/\/yoast.com\/product\/yoast-seo-wordpress\/ -->\n<title>Magasins - MOIZI<\/title>\n<meta name=\"robots\" content=\"index, follow, max-snippet:-1, max-image-preview:large, max-video-preview:-1\" \/>\n<link rel=\"canonical\" href=\"https:\/\/www.moizi.de\/fr\/magasins\/\" \/>\n<meta property=\"og:locale\" content=\"fr_FR\" \/>\n<meta property=\"og:type\" content=\"article\" \/>\n<meta property=\"og:title\" content=\"Magasins - MOIZI\" \/>\n<meta property=\"og:url\" content=\"https:\/\/www.moizi.de\/fr\/magasins\/\" \/>\n<meta property=\"og:site_name\" content=\"MOIZI\" \/>\n<meta property=\"article:modified_time\" content=\"2023-11-06T09:48:16+00:00\" \/>\n<meta name=\"twitter:card\" content=\"summary_large_image\" \/>\n<meta name=\"twitter:label1\" content=\"Dur\u00e9e de lecture estim\u00e9e\" \/>\n\t<meta name=\"twitter:data1\" content=\"4 minutes\" \/>\n<script type=\"application\/ld+json\" class=\"yoast-schema-graph\">{\"@context\":\"https:\\\/\\\/schema.org\",\"@graph\":[{\"@type\":\"WebPage\",\"@id\":\"https:\\\/\\\/www.moizi.de\\\/fr\\\/magasins\\\/\",\"url\":\"https:\\\/\\\/www.moizi.de\\\/fr\\\/magasins\\\/\",\"name\":\"Magasins - MOIZI\",\"isPartOf\":{\"@id\":\"https:\\\/\\\/www.moizi.de\\\/#website\"},\"datePublished\":\"2018-02-20T14:53:04+00:00\",\"dateModified\":\"2023-11-06T09:48:16+00:00\",\"breadcrumb\":{\"@id\":\"https:\\\/\\\/www.moizi.de\\\/fr\\\/magasins\\\/#breadcrumb\"},\"inLanguage\":\"fr-FR\",\"potentialAction\":[{\"@type\":\"ReadAction\",\"target\":[\"https:\\\/\\\/www.moizi.de\\\/fr\\\/magasins\\\/\"]}]},{\"@type\":\"BreadcrumbList\",\"@id\":\"https:\\\/\\\/www.moizi.de\\\/fr\\\/magasins\\\/#breadcrumb\",\"itemListElement\":[{\"@type\":\"ListItem\",\"position\":1,\"name\":\"Startseite\",\"item\":\"https:\\\/\\\/www.moizi.de\\\/fr\\\/\"},{\"@type\":\"ListItem\",\"position\":2,\"name\":\"Magasins\"}]},{\"@type\":\"WebSite\",\"@id\":\"https:\\\/\\\/www.moizi.de\\\/#website\",\"url\":\"https:\\\/\\\/www.moizi.de\\\/\",\"name\":\"MOIZI\",\"description\":\"Bewegt sitzen\",\"potentialAction\":[{\"@type\":\"SearchAction\",\"target\":{\"@type\":\"EntryPoint\",\"urlTemplate\":\"https:\\\/\\\/www.moizi.de\\\/?s={search_term_string}\"},\"query-input\":{\"@type\":\"PropertyValueSpecification\",\"valueRequired\":true,\"valueName\":\"search_term_string\"}}],\"inLanguage\":\"fr-FR\"}]}<\/script>\n<!-- \/ Yoast SEO plugin. -->","yoast_head_json":{"title":"Magasins - MOIZI","robots":{"index":"index","follow":"follow","max-snippet":"max-snippet:-1","max-image-preview":"max-image-preview:large","max-video-preview":"max-video-preview:-1"},"canonical":"https:\/\/www.moizi.de\/fr\/magasins\/","og_locale":"fr_FR","og_type":"article","og_title":"Magasins - MOIZI","og_url":"https:\/\/www.moizi.de\/fr\/magasins\/","og_site_name":"MOIZI","article_modified_time":"2023-11-06T09:48:16+00:00","twitter_card":"summary_large_image","twitter_misc":{"Dur\u00e9e de lecture estim\u00e9e":"4 minutes"},"schema":{"@context":"https:\/\/schema.org","@graph":[{"@type":"WebPage","@id":"https:\/\/www.moizi.de\/fr\/magasins\/","url":"https:\/\/www.moizi.de\/fr\/magasins\/","name":"Magasins - MOIZI","isPartOf":{"@id":"https:\/\/www.moizi.de\/#website"},"datePublished":"2018-02-20T14:53:04+00:00","dateModified":"2023-11-06T09:48:16+00:00","breadcrumb":{"@id":"https:\/\/www.moizi.de\/fr\/magasins\/#breadcrumb"},"inLanguage":"fr-FR","potentialAction":[{"@type":"ReadAction","target":["https:\/\/www.moizi.de\/fr\/magasins\/"]}]},{"@type":"BreadcrumbList","@id":"https:\/\/www.moizi.de\/fr\/magasins\/#breadcrumb","itemListElement":[{"@type":"ListItem","position":1,"name":"Startseite","item":"https:\/\/www.moizi.de\/fr\/"},{"@type":"ListItem","position":2,"name":"Magasins"}]},{"@type":"WebSite","@id":"https:\/\/www.moizi.de\/#website","url":"https:\/\/www.moizi.de\/","name":"MOIZI","description":"Bewegt sitzen","potentialAction":[{"@type":"SearchAction","target":{"@type":"EntryPoint","urlTemplate":"https:\/\/www.moizi.de\/?s={search_term_string}"},"query-input":{"@type":"PropertyValueSpecification","valueRequired":true,"valueName":"search_term_string"}}],"inLanguage":"fr-FR"}]}},"_links":{"self":[{"href":"https:\/\/www.moizi.de\/fr\/wp-json\/wp\/v2\/pages\/6466","targetHints":{"allow":["GET"]}}],"collection":[{"href":"https:\/\/www.moizi.de\/fr\/wp-json\/wp\/v2\/pages"}],"about":[{"href":"https:\/\/www.moizi.de\/fr\/wp-json\/wp\/v2\/types\/page"}],"author":[{"embeddable":true,"href":"https:\/\/www.moizi.de\/fr\/wp-json\/wp\/v2\/users\/4"}],"replies":[{"embeddable":true,"href":"https:\/\/www.moizi.de\/fr\/wp-json\/wp\/v2\/comments?post=6466"}],"version-history":[{"count":16,"href":"https:\/\/www.moizi.de\/fr\/wp-json\/wp\/v2\/pages\/6466\/revisions"}],"predecessor-version":[{"id":9293,"href":"https:\/\/www.moizi.de\/fr\/wp-json\/wp\/v2\/pages\/6466\/revisions\/9293"}],"wp:attachment":[{"href":"https:\/\/www.moizi.de\/fr\/wp-json\/wp\/v2\/media?parent=6466"}],"curies":[{"name":"wp","href":"https:\/\/api.w.org\/{rel}","templated":true}]}}