{"id":6435,"date":"2018-02-20T14:39:45","date_gmt":"2018-02-20T14:39:45","guid":{"rendered":"http:\/\/www.moizi.de\/?page_id=6435"},"modified":"2018-02-20T14:44:12","modified_gmt":"2018-02-20T14:44:12","slug":"le-mouvement-moizi","status":"publish","type":"page","link":"https:\/\/www.moizi.de\/fr\/ergonomie\/le-mouvement-moizi\/","title":{"rendered":"Le mouvement MOIZI"},"content":{"rendered":"<div id='av_section_1'  class='avia-section av-av_section-eb89abc38228390982ab77a91969e9e7 main_color avia-section-default avia-no-border-styling  avia-builder-el-0  el_before_av_section  avia-builder-el-first  avia-bg-style-scroll container_wrap fullsize'  ><div class='container av-section-cont-open' ><main  role=\"main\" itemprop=\"mainContentOfPage\"  class='template-page content  av-content-full alpha units'><div class='post-entry post-entry-type-page post-entry-6435'><div class='entry-content-wrapper clearfix'>\n\n<style type=\"text\/css\" data-created_by=\"avia_inline_auto\" id=\"style-css-av-av_one_full-15d750bd1b332b34c6e70b077ebbccdf\">\n.flex_column.av-av_one_full-15d750bd1b332b34c6e70b077ebbccdf{\nborder-radius:0px 0px 0px 0px;\npadding:0px 0px 0px 0px;\n}\n<\/style>\n<div  class='flex_column av-av_one_full-15d750bd1b332b34c6e70b077ebbccdf av_one_full  avia-builder-el-1  avia-builder-el-no-sibling  first flex_column_div av-zero-column-padding  '     ><section  class='av_textblock_section av-av_textblock-2bd894dbf2e4bf2c4acf98ce4fbf94aa '   itemscope=\"itemscope\" itemtype=\"https:\/\/schema.org\/CreativeWork\" ><div class='avia_textblock'  itemprop=\"text\" ><h1>Le mouvement MOIZI<\/h1>\n<h2>Rester assis sans bouger ? Les mouvements sont naturels !<\/h2>\n<p>Votre corps sait parfaitement ce qui lui fait du bien. Nos enfants nous le prouvent chaque jour. Mais malheureusement, nous leur inculquons parfois une mauvaise fa\u00e7on de s&rsquo;asseoir quand nous leur demandons de rester assis sagement et de ne pas faire basculer leur chaise. Mais rien n&rsquo;est meilleur pour notre dos que de rester en movement quand nous sommes assis.<\/p>\n<p>Gr\u00e2ce au changement fr\u00e9quent de <strong>positions, une\u00a0position assise active et dynamique<\/strong>\u00a0permet de mobiliser l&rsquo;appareil locomoteur. M\u00eame les micro-mouvements de notre corps, comme les d\u00e9placements du poids, la d\u00e9tente des muscles et la respiration, sont b\u00e9n\u00e9fiques. Le changement entre contraction et d\u00e9tente fait travailler la musculature du corps et am\u00e9liore la circulation du sang. Les mouvements constants permettent d&rsquo;alimenter correctement les disques intervert\u00e9braux avec tout ce dont ils ont besoin. La respiration devient plus profonde. Vous \u00eates d\u00e9tendu et pouvez vous concentrer beaucoup plus longtemps.<\/p>\n<\/div><\/section><\/div><\/div><\/div><\/main><!-- close content main element --><\/div><\/div>\n<style type=\"text\/css\" data-created_by=\"avia_inline_auto\" id=\"style-css-av-av_section-7847a03b9e71f89b216f412ad2d4c550\">\n.avia-section.av-av_section-7847a03b9e71f89b216f412ad2d4c550{\nbackground-color:#f7f7f7;\nbackground-image:unset;\n}\n<\/style>\n<div id='av_section_2'  class='avia-section av-av_section-7847a03b9e71f89b216f412ad2d4c550 main_color avia-section-default avia-no-shadow  avia-builder-el-3  el_after_av_section  el_before_av_section  avia-bg-style-scroll container_wrap fullsize'  ><div class='container av-section-cont-open' ><div class='template-page content  av-content-full alpha units'><div class='post-entry post-entry-type-page post-entry-6435'><div class='entry-content-wrapper clearfix'>\n\n<style type=\"text\/css\" data-created_by=\"avia_inline_auto\" id=\"style-css-av-av_two_third-15d750bd1b332b34c6e70b077ebbccdf\">\n.flex_column.av-av_two_third-15d750bd1b332b34c6e70b077ebbccdf{\nborder-radius:0px 0px 0px 0px;\npadding:0px 0px 0px 0px;\n}\n<\/style>\n<div  class='flex_column av-av_two_third-15d750bd1b332b34c6e70b077ebbccdf av_two_third  avia-builder-el-4  el_before_av_one_third  avia-builder-el-first  first flex_column_div av-zero-column-padding  '     ><div  class='avia-video av-av_video-0832d1b19da85f519fb7cd417a890cd8 avia-video-16-9 av-no-preview-image avia-video-load-always av-lazyload-immediate av-lazyload-video-embed'  itemprop=\"video\" itemtype=\"https:\/\/schema.org\/VideoObject\"  data-original_url='https:\/\/www.youtube.com\/watch?v=yjSF6KAGWB4'><script type='text\/html' class='av-video-tmpl'><div class='avia-iframe-wrap'><iframe loading=\"lazy\" width=\"1500\" height=\"844\" src=\"https:\/\/www.youtube.com\/embed\/yjSF6KAGWB4?feature=oembed&autoplay=0&loop=0&controls=1&mute=0\" frameborder=\"0\" allow=\"autoplay; encrypted-media\" allowfullscreen><\/iframe><\/div><\/script><div class='av-click-to-play-overlay'><div class=\"avia_playpause_icon\"><\/div><\/div><\/div><\/div>\n<style type=\"text\/css\" data-created_by=\"avia_inline_auto\" id=\"style-css-av-av_one_third-c2b50fce8587ec5ccaaf27671a1858da\">\n.flex_column.av-av_one_third-c2b50fce8587ec5ccaaf27671a1858da{\nborder-radius:0px 0px 0px 0px;\npadding:0px 0px 0px 0px;\nbackground-color:#F7F7F7;\n}\n<\/style>\n<div  class='flex_column av-av_one_third-c2b50fce8587ec5ccaaf27671a1858da av_one_third  avia-builder-el-6  el_after_av_two_third  avia-builder-el-last  flex_column_div av-zero-column-padding  '     ><section  class='av_textblock_section av-av_textblock-2bd894dbf2e4bf2c4acf98ce4fbf94aa '   itemscope=\"itemscope\" itemtype=\"https:\/\/schema.org\/CreativeWork\" ><div class='avia_textblock'  itemprop=\"text\" ><p><strong>Notre corps n&rsquo;est pas con\u00e7u pour rester assis.<\/strong><br \/>\nLa nature l&rsquo;a con\u00e7u pour une vie en mouvement. Nous passons jusqu&rsquo;\u00e0 85 pour cent de notre temps<br \/>\n\u00e9veill\u00e9 assis ! Nous connaissons tous le r\u00e9sultat :<br \/>\nles probl\u00e8mes de dos comptent parmi les sympt\u00f4mes<br \/>\ndes maladies les plus fr\u00e9quentes. Nous ne pouvons pas vraiment \u00e9viter de rester longtemps assis lorsque nous apprenons, dans notre vie professionnelle ou pendant nos loisirs. Mais nous pouvons modifier la fa\u00e7on dont nous nous asseyons.<\/p>\n<p>Nous vous disons comment faire !<\/p>\n<\/div><\/section><\/div><\/div><\/div><\/div><!-- close content main div --><\/div><\/div><div id='av_section_3'  class='avia-section av-av_section-4ab2c50611e8bc0ab9af19846c400691 main_color avia-section-default avia-no-shadow  avia-builder-el-8  el_after_av_section  el_before_av_section  avia-bg-style-scroll container_wrap fullsize'  ><div class='container av-section-cont-open' ><div class='template-page content  av-content-full alpha units'><div class='post-entry post-entry-type-page post-entry-6435'><div class='entry-content-wrapper clearfix'>\n\n<style type=\"text\/css\" data-created_by=\"avia_inline_auto\" id=\"style-css-av-av_one_third-15d750bd1b332b34c6e70b077ebbccdf\">\n.flex_column.av-av_one_third-15d750bd1b332b34c6e70b077ebbccdf{\nborder-radius:0px 0px 0px 0px;\npadding:0px 0px 0px 0px;\n}\n<\/style>\n<div  class='flex_column av-av_one_third-15d750bd1b332b34c6e70b077ebbccdf av_one_third  avia-builder-el-9  el_before_av_one_third  avia-builder-el-first  first flex_column_div av-zero-column-padding  '     ><style type=\"text\/css\" data-created_by=\"avia_inline_auto\" id=\"style-css-av-av_image-2e0972728f47273c83c816dfcef4fe14\">\n.avia-image-container.av-av_image-2e0972728f47273c83c816dfcef4fe14 img.avia_image{\nbox-shadow:none;\n}\n.avia-image-container.av-av_image-2e0972728f47273c83c816dfcef4fe14 .av-image-caption-overlay-center{\ncolor:#ffffff;\n}\n<\/style>\n<div  class='avia-image-container av-av_image-2e0972728f47273c83c816dfcef4fe14 av-styling- avia-align-center  avia-builder-el-10  avia-builder-el-no-sibling '   itemprop=\"image\" itemscope=\"itemscope\" itemtype=\"https:\/\/schema.org\/ImageObject\" ><div class=\"avia-image-container-inner\"><div class=\"avia-image-overlay-wrap\"><img decoding=\"async\" fetchpriority=\"high\" class='wp-image-6443 avia-img-lazy-loading-not-6443 avia_image ' src=\"https:\/\/www.moizi.de\/files\/uploads\/Ergonomie1FR.png\" alt='' title='Ergonomie1FR'  height=\"250\" width=\"339\"  itemprop=\"thumbnailUrl\" srcset=\"https:\/\/www.moizi.de\/files\/uploads\/Ergonomie1FR.png 339w, https:\/\/www.moizi.de\/files\/uploads\/Ergonomie1FR-300x221.png 300w\" sizes=\"(max-width: 339px) 100vw, 339px\" \/><\/div><\/div><\/div><\/div>\n<style type=\"text\/css\" data-created_by=\"avia_inline_auto\" id=\"style-css-av-av_one_third-c8fc129dc35fd1ae2a1e410224d39ea8\">\n.flex_column.av-av_one_third-c8fc129dc35fd1ae2a1e410224d39ea8{\nborder-radius:0px 0px 0px 0px;\npadding:0px 0px 0px 0px;\n}\n<\/style>\n<div  class='flex_column av-av_one_third-c8fc129dc35fd1ae2a1e410224d39ea8 av_one_third  avia-builder-el-11  el_after_av_one_third  el_before_av_one_third  flex_column_div av-zero-column-padding  '     ><style type=\"text\/css\" data-created_by=\"avia_inline_auto\" id=\"style-css-av-av_image-20f4497f07ee7951bf1cea48ce1b464a\">\n.avia-image-container.av-av_image-20f4497f07ee7951bf1cea48ce1b464a img.avia_image{\nbox-shadow:none;\n}\n.avia-image-container.av-av_image-20f4497f07ee7951bf1cea48ce1b464a .av-image-caption-overlay-center{\ncolor:#ffffff;\n}\n<\/style>\n<div  class='avia-image-container av-av_image-20f4497f07ee7951bf1cea48ce1b464a av-styling- avia-align-center  avia-builder-el-12  avia-builder-el-no-sibling '   itemprop=\"image\" itemscope=\"itemscope\" itemtype=\"https:\/\/schema.org\/ImageObject\" ><div class=\"avia-image-container-inner\"><div class=\"avia-image-overlay-wrap\"><img decoding=\"async\" fetchpriority=\"high\" class='wp-image-6447 avia-img-lazy-loading-not-6447 avia_image ' src=\"https:\/\/www.moizi.de\/files\/uploads\/Ergonomie2-_fr.png\" alt='' title='Ergonomie2 _fr'  height=\"250\" width=\"340\"  itemprop=\"thumbnailUrl\" srcset=\"https:\/\/www.moizi.de\/files\/uploads\/Ergonomie2-_fr.png 340w, https:\/\/www.moizi.de\/files\/uploads\/Ergonomie2-_fr-300x221.png 300w\" sizes=\"(max-width: 340px) 100vw, 340px\" \/><\/div><\/div><\/div><\/div>\n<style type=\"text\/css\" data-created_by=\"avia_inline_auto\" id=\"style-css-av-av_one_third-c8fc129dc35fd1ae2a1e410224d39ea8\">\n.flex_column.av-av_one_third-c8fc129dc35fd1ae2a1e410224d39ea8{\nborder-radius:0px 0px 0px 0px;\npadding:0px 0px 0px 0px;\n}\n<\/style>\n<div  class='flex_column av-av_one_third-c8fc129dc35fd1ae2a1e410224d39ea8 av_one_third  avia-builder-el-13  el_after_av_one_third  avia-builder-el-last  flex_column_div av-zero-column-padding  '     ><style type=\"text\/css\" data-created_by=\"avia_inline_auto\" id=\"style-css-av-av_image-c1ebd2b376a351ba9d71fda01fe1cd42\">\n.avia-image-container.av-av_image-c1ebd2b376a351ba9d71fda01fe1cd42 img.avia_image{\nbox-shadow:none;\n}\n.avia-image-container.av-av_image-c1ebd2b376a351ba9d71fda01fe1cd42 .av-image-caption-overlay-center{\ncolor:#ffffff;\n}\n<\/style>\n<div  class='avia-image-container av-av_image-c1ebd2b376a351ba9d71fda01fe1cd42 av-styling- avia-align-center  avia-builder-el-14  avia-builder-el-no-sibling '   itemprop=\"image\" itemscope=\"itemscope\" itemtype=\"https:\/\/schema.org\/ImageObject\" ><div class=\"avia-image-container-inner\"><div class=\"avia-image-overlay-wrap\"><img decoding=\"async\" fetchpriority=\"high\" class='wp-image-6450 avia-img-lazy-loading-not-6450 avia_image ' src=\"https:\/\/www.moizi.de\/files\/uploads\/Ergonomie3FR.png\" alt='' title='Ergonomie3FR'  height=\"250\" width=\"340\"  itemprop=\"thumbnailUrl\" srcset=\"https:\/\/www.moizi.de\/files\/uploads\/Ergonomie3FR.png 340w, https:\/\/www.moizi.de\/files\/uploads\/Ergonomie3FR-300x221.png 300w\" sizes=\"(max-width: 340px) 100vw, 340px\" \/><\/div><\/div><\/div><\/div><\/div><\/div><\/div><!-- close content main div --><\/div><\/div>\n<style type=\"text\/css\" data-created_by=\"avia_inline_auto\" id=\"style-css-av-av_section-7847a03b9e71f89b216f412ad2d4c550\">\n.avia-section.av-av_section-7847a03b9e71f89b216f412ad2d4c550{\nbackground-color:#f7f7f7;\nbackground-image:unset;\n}\n<\/style>\n<div id='av_section_4'  class='avia-section av-av_section-7847a03b9e71f89b216f412ad2d4c550 main_color avia-section-default avia-no-shadow  avia-builder-el-15  el_after_av_section  el_before_av_hr  avia-bg-style-scroll container_wrap fullsize'  ><div class='container av-section-cont-open' ><div class='template-page content  av-content-full alpha units'><div class='post-entry post-entry-type-page post-entry-6435'><div class='entry-content-wrapper clearfix'>\n\n<style type=\"text\/css\" data-created_by=\"avia_inline_auto\" id=\"style-css-av-av_one_half-15d750bd1b332b34c6e70b077ebbccdf\">\n.flex_column.av-av_one_half-15d750bd1b332b34c6e70b077ebbccdf{\nborder-radius:0px 0px 0px 0px;\npadding:0px 0px 0px 0px;\n}\n<\/style>\n<div  class='flex_column av-av_one_half-15d750bd1b332b34c6e70b077ebbccdf av_one_half  avia-builder-el-16  el_before_av_one_half  avia-builder-el-first  first flex_column_div av-zero-column-padding  '     ><section  class='av_textblock_section av-av_textblock-2bd894dbf2e4bf2c4acf98ce4fbf94aa '   itemscope=\"itemscope\" itemtype=\"https:\/\/schema.org\/CreativeWork\" ><div class='avia_textblock'  itemprop=\"text\" ><h2>En avant et en arri\u00e8re &#8211; Restez en mouvement.<\/h2>\n<p>Si vous restez longtemps assis \u00e0 un bureau, il est fortement recommand\u00e9 de changer souvent de position. Nos si\u00e8ges vous y aident.\u00a0<strong>Dans la position assise active<\/strong>, l&rsquo;assise se penche vers l&rsquo;avant. Ainsi, votre torse se redresse automatiquement et le bassin se renverse l\u00e9g\u00e8rement vers l&rsquo;avant. Cela cr\u00e9e un angle d&rsquo;assise ouvert entre le torse et les cuisses. Cela permet de soulager la colonne vert\u00e9brale et les organes internes, facilitant ainsi la respiration.<\/p>\n<\/div><\/section><\/div>\n<style type=\"text\/css\" data-created_by=\"avia_inline_auto\" id=\"style-css-av-av_one_half-c8fc129dc35fd1ae2a1e410224d39ea8\">\n.flex_column.av-av_one_half-c8fc129dc35fd1ae2a1e410224d39ea8{\nborder-radius:0px 0px 0px 0px;\npadding:0px 0px 0px 0px;\n}\n<\/style>\n<div  class='flex_column av-av_one_half-c8fc129dc35fd1ae2a1e410224d39ea8 av_one_half  avia-builder-el-18  el_after_av_one_half  avia-builder-el-last  flex_column_div av-zero-column-padding  '     ><p>\n<style type=\"text\/css\" data-created_by=\"avia_inline_auto\" id=\"style-css-av-av_hr-98c9b5dfc7274b23d416b8c33c547617\">\n#top .hr.hr-invisible.av-av_hr-98c9b5dfc7274b23d416b8c33c547617{\nheight:45px;\n}\n<\/style>\n<div  class='hr av-av_hr-98c9b5dfc7274b23d416b8c33c547617 hr-invisible  avia-builder-el-19  el_before_av_textblock  avia-builder-el-first '><span class='hr-inner '><span class=\"hr-inner-style\"><\/span><\/span><\/div><br \/>\n<section  class='av_textblock_section av-av_textblock-2bd894dbf2e4bf2c4acf98ce4fbf94aa '   itemscope=\"itemscope\" itemtype=\"https:\/\/schema.org\/CreativeWork\" ><div class='avia_textblock'  itemprop=\"text\" ><p>En passant \u00e0\u00a0<strong>la position assise passive<\/strong>, vous calez confortablement votre dos dans le dossier. Votre si\u00e8ge MOIZI dispose d&rsquo;un dossier ergonomique avec un soutien lombaire int\u00e9gr\u00e9, qui soutient la forme naturelle en S de la colonne vert\u00e9brale. La forme en S de la colonne vert\u00e9brale se forme \u00e0 peu pr\u00e8s \u00e0 partir de l&rsquo;\u00e2ge de 12 ans. Ainsi, pas besoin de soutien lombaire pour les enfants de moins de 12 ans. C&rsquo;est pourquoi nos si\u00e8ges pour enfants et adolescents sont \u00e9quip\u00e9s d&rsquo;un dossier droit.<\/p>\n<\/div><\/section><\/p><\/div><\/div><\/div><\/div><!-- close content main div --><\/div><\/div><div id='after_section_4'  class='main_color av_default_container_wrap container_wrap fullsize'  ><div class='container av-section-cont-open' ><div class='template-page content  av-content-full alpha units'><div class='post-entry post-entry-type-page post-entry-6435'><div class='entry-content-wrapper clearfix'>\n<style type=\"text\/css\" data-created_by=\"avia_inline_auto\" id=\"style-css-av-av_hr-4474f20d2389e2e5ecf918a02da5132e\">\n#top .hr.hr-invisible.av-av_hr-4474f20d2389e2e5ecf918a02da5132e{\nheight:50px;\n}\n<\/style>\n<div  class='hr av-av_hr-4474f20d2389e2e5ecf918a02da5132e hr-invisible  avia-builder-el-21  el_after_av_section  avia-builder-el-no-sibling '><span class='hr-inner '><span class=\"hr-inner-style\"><\/span><\/span><\/div><\/p>\n","protected":false},"excerpt":{"rendered":"","protected":false},"author":4,"featured_media":0,"parent":6432,"menu_order":1,"comment_status":"closed","ping_status":"closed","template":"","meta":{"footnotes":""},"class_list":["post-6435","page","type-page","status-publish","hentry"],"yoast_head":"<!-- This site is optimized with the Yoast SEO plugin v27.5 - https:\/\/yoast.com\/product\/yoast-seo-wordpress\/ -->\n<title>Le mouvement MOIZI - MOIZI<\/title>\n<meta name=\"robots\" content=\"index, follow, max-snippet:-1, max-image-preview:large, max-video-preview:-1\" \/>\n<link rel=\"canonical\" href=\"https:\/\/www.moizi.de\/fr\/ergonomie\/le-mouvement-moizi\/\" \/>\n<meta property=\"og:locale\" content=\"fr_FR\" \/>\n<meta property=\"og:type\" content=\"article\" \/>\n<meta property=\"og:title\" content=\"Le mouvement MOIZI - MOIZI\" \/>\n<meta property=\"og:url\" content=\"https:\/\/www.moizi.de\/fr\/ergonomie\/le-mouvement-moizi\/\" \/>\n<meta property=\"og:site_name\" content=\"MOIZI\" \/>\n<meta property=\"article:modified_time\" content=\"2018-02-20T14:44:12+00:00\" \/>\n<meta name=\"twitter:card\" content=\"summary_large_image\" \/>\n<meta name=\"twitter:label1\" content=\"Dur\u00e9e de lecture estim\u00e9e\" \/>\n\t<meta name=\"twitter:data1\" content=\"8 minutes\" \/>\n<script type=\"application\/ld+json\" class=\"yoast-schema-graph\">{\"@context\":\"https:\\\/\\\/schema.org\",\"@graph\":[{\"@type\":\"WebPage\",\"@id\":\"https:\\\/\\\/www.moizi.de\\\/fr\\\/ergonomie\\\/le-mouvement-moizi\\\/\",\"url\":\"https:\\\/\\\/www.moizi.de\\\/fr\\\/ergonomie\\\/le-mouvement-moizi\\\/\",\"name\":\"Le mouvement MOIZI - MOIZI\",\"isPartOf\":{\"@id\":\"https:\\\/\\\/www.moizi.de\\\/#website\"},\"datePublished\":\"2018-02-20T14:39:45+00:00\",\"dateModified\":\"2018-02-20T14:44:12+00:00\",\"breadcrumb\":{\"@id\":\"https:\\\/\\\/www.moizi.de\\\/fr\\\/ergonomie\\\/le-mouvement-moizi\\\/#breadcrumb\"},\"inLanguage\":\"fr-FR\",\"potentialAction\":[{\"@type\":\"ReadAction\",\"target\":[\"https:\\\/\\\/www.moizi.de\\\/fr\\\/ergonomie\\\/le-mouvement-moizi\\\/\"]}]},{\"@type\":\"BreadcrumbList\",\"@id\":\"https:\\\/\\\/www.moizi.de\\\/fr\\\/ergonomie\\\/le-mouvement-moizi\\\/#breadcrumb\",\"itemListElement\":[{\"@type\":\"ListItem\",\"position\":1,\"name\":\"Startseite\",\"item\":\"https:\\\/\\\/www.moizi.de\\\/fr\\\/\"},{\"@type\":\"ListItem\",\"position\":2,\"name\":\"Ergonomie\",\"item\":\"https:\\\/\\\/www.moizi.de\\\/fr\\\/ergonomie\\\/\"},{\"@type\":\"ListItem\",\"position\":3,\"name\":\"Le mouvement MOIZI\"}]},{\"@type\":\"WebSite\",\"@id\":\"https:\\\/\\\/www.moizi.de\\\/#website\",\"url\":\"https:\\\/\\\/www.moizi.de\\\/\",\"name\":\"MOIZI\",\"description\":\"Bewegt sitzen\",\"potentialAction\":[{\"@type\":\"SearchAction\",\"target\":{\"@type\":\"EntryPoint\",\"urlTemplate\":\"https:\\\/\\\/www.moizi.de\\\/?s={search_term_string}\"},\"query-input\":{\"@type\":\"PropertyValueSpecification\",\"valueRequired\":true,\"valueName\":\"search_term_string\"}}],\"inLanguage\":\"fr-FR\"}]}<\/script>\n<!-- \/ Yoast SEO plugin. -->","yoast_head_json":{"title":"Le mouvement MOIZI - MOIZI","robots":{"index":"index","follow":"follow","max-snippet":"max-snippet:-1","max-image-preview":"max-image-preview:large","max-video-preview":"max-video-preview:-1"},"canonical":"https:\/\/www.moizi.de\/fr\/ergonomie\/le-mouvement-moizi\/","og_locale":"fr_FR","og_type":"article","og_title":"Le mouvement MOIZI - MOIZI","og_url":"https:\/\/www.moizi.de\/fr\/ergonomie\/le-mouvement-moizi\/","og_site_name":"MOIZI","article_modified_time":"2018-02-20T14:44:12+00:00","twitter_card":"summary_large_image","twitter_misc":{"Dur\u00e9e de lecture estim\u00e9e":"8 minutes"},"schema":{"@context":"https:\/\/schema.org","@graph":[{"@type":"WebPage","@id":"https:\/\/www.moizi.de\/fr\/ergonomie\/le-mouvement-moizi\/","url":"https:\/\/www.moizi.de\/fr\/ergonomie\/le-mouvement-moizi\/","name":"Le mouvement MOIZI - MOIZI","isPartOf":{"@id":"https:\/\/www.moizi.de\/#website"},"datePublished":"2018-02-20T14:39:45+00:00","dateModified":"2018-02-20T14:44:12+00:00","breadcrumb":{"@id":"https:\/\/www.moizi.de\/fr\/ergonomie\/le-mouvement-moizi\/#breadcrumb"},"inLanguage":"fr-FR","potentialAction":[{"@type":"ReadAction","target":["https:\/\/www.moizi.de\/fr\/ergonomie\/le-mouvement-moizi\/"]}]},{"@type":"BreadcrumbList","@id":"https:\/\/www.moizi.de\/fr\/ergonomie\/le-mouvement-moizi\/#breadcrumb","itemListElement":[{"@type":"ListItem","position":1,"name":"Startseite","item":"https:\/\/www.moizi.de\/fr\/"},{"@type":"ListItem","position":2,"name":"Ergonomie","item":"https:\/\/www.moizi.de\/fr\/ergonomie\/"},{"@type":"ListItem","position":3,"name":"Le mouvement MOIZI"}]},{"@type":"WebSite","@id":"https:\/\/www.moizi.de\/#website","url":"https:\/\/www.moizi.de\/","name":"MOIZI","description":"Bewegt sitzen","potentialAction":[{"@type":"SearchAction","target":{"@type":"EntryPoint","urlTemplate":"https:\/\/www.moizi.de\/?s={search_term_string}"},"query-input":{"@type":"PropertyValueSpecification","valueRequired":true,"valueName":"search_term_string"}}],"inLanguage":"fr-FR"}]}},"_links":{"self":[{"href":"https:\/\/www.moizi.de\/fr\/wp-json\/wp\/v2\/pages\/6435","targetHints":{"allow":["GET"]}}],"collection":[{"href":"https:\/\/www.moizi.de\/fr\/wp-json\/wp\/v2\/pages"}],"about":[{"href":"https:\/\/www.moizi.de\/fr\/wp-json\/wp\/v2\/types\/page"}],"author":[{"embeddable":true,"href":"https:\/\/www.moizi.de\/fr\/wp-json\/wp\/v2\/users\/4"}],"replies":[{"embeddable":true,"href":"https:\/\/www.moizi.de\/fr\/wp-json\/wp\/v2\/comments?post=6435"}],"version-history":[{"count":3,"href":"https:\/\/www.moizi.de\/fr\/wp-json\/wp\/v2\/pages\/6435\/revisions"}],"predecessor-version":[{"id":6441,"href":"https:\/\/www.moizi.de\/fr\/wp-json\/wp\/v2\/pages\/6435\/revisions\/6441"}],"up":[{"embeddable":true,"href":"https:\/\/www.moizi.de\/fr\/wp-json\/wp\/v2\/pages\/6432"}],"wp:attachment":[{"href":"https:\/\/www.moizi.de\/fr\/wp-json\/wp\/v2\/media?parent=6435"}],"curies":[{"name":"wp","href":"https:\/\/api.w.org\/{rel}","templated":true}]}}