{"id":6404,"date":"2018-02-20T14:18:50","date_gmt":"2018-02-20T14:18:50","guid":{"rendered":"http:\/\/www.moizi.de\/?page_id=6404"},"modified":"2018-06-06T15:19:20","modified_gmt":"2018-06-06T15:19:20","slug":"contact","status":"publish","type":"page","link":"https:\/\/www.moizi.de\/fr\/contact\/","title":{"rendered":"Contact"},"content":{"rendered":"\n<style type=\"text\/css\" data-created_by=\"avia_inline_auto\" id=\"style-css-av-av_hr-373523e22f0366b13a549278f1ad345e\">\n#top .hr.hr-invisible.av-av_hr-373523e22f0366b13a549278f1ad345e{\nheight:10px;\n}\n<\/style>\n<div  class='hr av-av_hr-373523e22f0366b13a549278f1ad345e hr-invisible  avia-builder-el-0  el_before_av_layout_row  avia-builder-el-no-sibling '><span class='hr-inner '><span class=\"hr-inner-style\"><\/span><\/span><\/div>\n<\/div><\/div><\/div><!-- close content main div --><\/div><\/div><div id='av-layout-grid-1'  class='av-layout-grid-container av-av_layout_row-6bad12a8a62609fab2b9247f774845e8 entry-content-wrapper main_color av-flex-cells  avia-builder-el-1  el_after_av_hr  el_before_av_one_fifth  grid-row-not-first  container_wrap fullsize'  >\n\n<style type=\"text\/css\" data-created_by=\"avia_inline_auto\" id=\"style-css-av-av_cell_one_half-5514cea1673c819043ffbc3a9ea9fae4\">\n.flex_cell.av-av_cell_one_half-5514cea1673c819043ffbc3a9ea9fae4{\nvertical-align:middle;\nheight:430px;\nmin-height:430px;\nbackground-color:#f7f7f7;\n}\n.responsive #top #wrap_all .flex_cell.av-av_cell_one_half-5514cea1673c819043ffbc3a9ea9fae4{\npadding:30px 100px 30px 100px !important;\n}\n<\/style>\n<div class='flex_cell av-av_cell_one_half-5514cea1673c819043ffbc3a9ea9fae4 av-gridrow-cell av_one_half no_margin  avia-builder-el-2  el_before_av_cell_one_half  avia-builder-el-first  content-align-middle avia-full-stretch'  ><div class='flex_cell_inner'>\n<style type=\"text\/css\" data-created_by=\"avia_inline_auto\" id=\"style-css-av-av_one_full-d71a51a707c4656b37c9afbbd6138215\">\n.flex_column.av-av_one_full-d71a51a707c4656b37c9afbbd6138215{\nborder-radius:0px 0px 0px 0px;\npadding:0px 0px 0px 0px;\n}\n<\/style>\n<div  class='flex_column av-av_one_full-d71a51a707c4656b37c9afbbd6138215 av_one_full  avia-builder-el-3  avia-builder-el-no-sibling  first flex_column_div av-animated-generic bottom-to-top av-zero-column-padding  '     ><p>\n<style type=\"text\/css\" data-created_by=\"avia_inline_auto\" id=\"style-css-av-av_heading-b3247a87f796ab801a1c1bc6d9c50e48\">\n#top .av-special-heading.av-av_heading-b3247a87f796ab801a1c1bc6d9c50e48{\npadding-bottom:10px;\n}\nbody .av-special-heading.av-av_heading-b3247a87f796ab801a1c1bc6d9c50e48 .av-special-heading-tag .heading-char{\nfont-size:25px;\n}\n.av-special-heading.av-av_heading-b3247a87f796ab801a1c1bc6d9c50e48 .av-subheading{\nfont-size:15px;\n}\n<\/style>\n<div  class='av-special-heading av-av_heading-b3247a87f796ab801a1c1bc6d9c50e48 av-special-heading-h3 blockquote modern-quote  avia-builder-el-4  el_before_av_textblock  avia-builder-el-first '><h3 class='av-special-heading-tag '  itemprop=\"headline\"  >Trouvez-nous et contactez-nous \u00e0:<\/h3><div class=\"special-heading-border\"><div class=\"special-heading-inner-border\"><\/div><\/div><\/div><br \/>\n<section  class='av_textblock_section av-av_textblock-2bd894dbf2e4bf2c4acf98ce4fbf94aa '   itemscope=\"itemscope\" itemtype=\"https:\/\/schema.org\/CreativeWork\" ><div class='avia_textblock'  itemprop=\"text\" ><p><strong>MOIZI M\u00f6bel GmbH<\/strong><br \/>\n<strong>Warburger Str. 37<\/strong><br \/>\n<strong>33034 Brakel<\/strong><\/p>\n<p>T\u00e9l.: 0049-5272 37 15 0<br \/>\nFax: 0049-5272 37 15 23<\/p>\n<p>Mail:\u00a0<span id=\"email_59a3ca719b5b5\"><a href=\"mailto:moebel@moizi.de\">moebel@moizi.de<\/a><\/span><br \/>\nWeb:\u00a0<a href=\"http:\/\/www.moizi.de\/home\/de\/acbfbb6ac20d95d42eccceb26757b1dd\/kontakt\/formular\" target=\"_blank\" rel=\"noopener\">www.moizi.de<\/a><\/p>\n<\/div><\/section><\/p><\/div>\n<\/div><\/div>\n<style type=\"text\/css\" data-created_by=\"avia_inline_auto\" id=\"style-css-av-av_cell_one_half-2fd74c103a7acb6c01e6926abb55401b\">\n.flex_cell.av-av_cell_one_half-2fd74c103a7acb6c01e6926abb55401b{\nvertical-align:middle;\nheight:430px;\nmin-height:430px;\n}\n.responsive #top #wrap_all .flex_cell.av-av_cell_one_half-2fd74c103a7acb6c01e6926abb55401b{\npadding:0px 0px 0px 0px !important;\n}\n<\/style>\n<div class='flex_cell av-av_cell_one_half-2fd74c103a7acb6c01e6926abb55401b av-gridrow-cell av_one_half no_margin  avia-builder-el-6  el_after_av_cell_one_half  avia-builder-el-last  content-align-middle av-zero-padding'  ><div class='flex_cell_inner'>\n<\/div><\/div>\n<\/div><div id='after_grid_row_1'  class='main_color av_default_container_wrap container_wrap fullsize'  ><div class='container av-section-cont-open' ><div class='template-page content  av-content-full alpha units'><div class='post-entry post-entry-type-page post-entry-6404'><div class='entry-content-wrapper clearfix'>\n\n<style type=\"text\/css\" data-created_by=\"avia_inline_auto\" id=\"style-css-av-av_one_fifth-352b07ef7d3bc99b2e9f92e7a9e06bdb\">\n.flex_column.av-av_one_fifth-352b07ef7d3bc99b2e9f92e7a9e06bdb{\nborder-radius:0px 0px 0px 0px;\npadding:0px 0px 0px 0px;\n}\n<\/style>\n<div  class='flex_column av-av_one_fifth-352b07ef7d3bc99b2e9f92e7a9e06bdb av_one_fifth  avia-builder-el-8  el_after_av_layout_row  el_before_av_three_fifth  avia-builder-el-first  first flex_column_div av-zero-column-padding  '     ><\/div>\n\n<style type=\"text\/css\" data-created_by=\"avia_inline_auto\" id=\"style-css-av-av_three_fifth-93bea18e2ccb60552a17080633244dec\">\n.flex_column.av-av_three_fifth-93bea18e2ccb60552a17080633244dec{\nborder-radius:0px 0px 0px 0px;\npadding:0px 0px 0px 0px;\n}\n<\/style>\n<div  class='flex_column av-av_three_fifth-93bea18e2ccb60552a17080633244dec av_three_fifth  avia-builder-el-9  el_after_av_one_fifth  el_before_av_one_fifth  flex_column_div av-animated-generic bottom-to-top av-zero-column-padding  '     ><p>\n<style type=\"text\/css\" data-created_by=\"avia_inline_auto\" id=\"style-css-av-av_heading-f92b9ec0d71729519977057e43debd48\">\n#top .av-special-heading.av-av_heading-f92b9ec0d71729519977057e43debd48{\npadding-bottom:10px;\nfont-size:35px;\n}\nbody .av-special-heading.av-av_heading-f92b9ec0d71729519977057e43debd48 .av-special-heading-tag .heading-char{\nfont-size:25px;\n}\n#top #wrap_all .av-special-heading.av-av_heading-f92b9ec0d71729519977057e43debd48 .av-special-heading-tag{\nfont-size:35px;\n}\n.av-special-heading.av-av_heading-f92b9ec0d71729519977057e43debd48 .av-subheading{\nfont-size:15px;\n}\n\n@media only screen and (min-width: 480px) and (max-width: 767px){ \n#top #wrap_all .av-special-heading.av-av_heading-f92b9ec0d71729519977057e43debd48 .av-special-heading-tag{\nfont-size:0.8em;\n}\n}\n\n@media only screen and (max-width: 479px){ \n#top #wrap_all .av-special-heading.av-av_heading-f92b9ec0d71729519977057e43debd48 .av-special-heading-tag{\nfont-size:0.8em;\n}\n}\n<\/style>\n<div  class='av-special-heading av-av_heading-f92b9ec0d71729519977057e43debd48 av-special-heading-h1 blockquote modern-quote modern-centered  avia-builder-el-10  el_before_av_textblock  avia-builder-el-first  av-inherit-size'><h1 class='av-special-heading-tag '  itemprop=\"headline\"  >Formulaire<\/h1><div class=\"special-heading-border\"><div class=\"special-heading-inner-border\"><\/div><\/div><\/div><br \/>\n<section  class='av_textblock_section av-av_textblock-2bd894dbf2e4bf2c4acf98ce4fbf94aa '   itemscope=\"itemscope\" itemtype=\"https:\/\/schema.org\/CreativeWork\" ><div class='avia_textblock'  itemprop=\"text\" ><p style=\"text-align: center;\">Pri\u00e8re de renseigner tous les champs marqu\u00e9s en rouge.<\/p>\n<\/div><\/section><\/p><\/div>\n\n<style type=\"text\/css\" data-created_by=\"avia_inline_auto\" id=\"style-css-av-av_one_fifth-2a64de42b738552fe666ca889af77e28\">\n.flex_column.av-av_one_fifth-2a64de42b738552fe666ca889af77e28{\nborder-radius:0px 0px 0px 0px;\npadding:0px 0px 0px 0px;\n}\n<\/style>\n<div  class='flex_column av-av_one_fifth-2a64de42b738552fe666ca889af77e28 av_one_fifth  avia-builder-el-12  el_after_av_three_fifth  el_before_av_layout_row  avia-builder-el-last  flex_column_div av-zero-column-padding  '     ><\/div>\n<\/div><\/div><\/div><!-- close content main div --><\/div><\/div><div id='av-layout-grid-2'  class='av-layout-grid-container av-av_layout_row-1d8317cbdefe95838b8a91a9294aba61 entry-content-wrapper alternate_color av-flex-cells  avia-builder-el-13  el_after_av_one_fifth  el_before_av_hr  grid-row-not-first  container_wrap fullsize'  >\n\n<style type=\"text\/css\" data-created_by=\"avia_inline_auto\" id=\"style-css-av-av_cell_one_fifth-bb0275f5cd7178472aca901ebec9d635\">\n.flex_cell.av-av_cell_one_fifth-bb0275f5cd7178472aca901ebec9d635{\nvertical-align:top;\nbackground-color:#ffffff;\n}\n.responsive #top #wrap_all .flex_cell.av-av_cell_one_fifth-bb0275f5cd7178472aca901ebec9d635{\npadding:30px 30px 30px 30px !important;\n}\n<\/style>\n<div class='flex_cell av-av_cell_one_fifth-bb0275f5cd7178472aca901ebec9d635 av-gridrow-cell av_one_fifth no_margin  avia-builder-el-14  el_before_av_cell_three_fifth  avia-builder-el-first  content-align-top'  ><div class='flex_cell_inner'><\/div><\/div>\n<style type=\"text\/css\" data-created_by=\"avia_inline_auto\" id=\"style-css-av-av_cell_three_fifth-f57c70f9f5a63fd800eb5b955b847c2a\">\n.flex_cell.av-av_cell_three_fifth-f57c70f9f5a63fd800eb5b955b847c2a{\nvertical-align:top;\n}\n.responsive #top #wrap_all .flex_cell.av-av_cell_three_fifth-f57c70f9f5a63fd800eb5b955b847c2a{\npadding:30px 30px 30px 30px !important;\n}\n<\/style>\n<div class='flex_cell av-av_cell_three_fifth-f57c70f9f5a63fd800eb5b955b847c2a av-gridrow-cell av_three_fifth no_margin  avia-builder-el-15  el_after_av_cell_one_fifth  el_before_av_cell_one_fifth  content-align-top'  ><div class='flex_cell_inner'><form action=\"https:\/\/www.moizi.de\/fr\/contact\/\" method=\"post\" data-fields-with-error=\"Erreurs trouv\u00e9es dans les champs suivants :\" class=\"avia_ajax_form av-form-labels-hidden   avia-builder-el-16  avia-builder-el-no-sibling  av-centered-form   \" data-avia-form-id=\"1\" data-avia-redirect='' ><fieldset><p class='  first_form  form_element form_element_half' id='element_avia_1_1'><label for=\"avia_1_1\">Soci\u00e9t\u00e9<\/label> <input name=\"avia_1_1\" class=\"text_input \" type=\"text\" id=\"avia_1_1\" value=\"\"  placeholder='Soci\u00e9t\u00e9'\/><\/p><p class='  form_element form_element_half' id='element_avia_2_1'><label for=\"avia_2_1\">Pr\u00e9nom et nom <abbr class=\"required\" title=\"requis(e)\">*<\/abbr><\/label> <input name=\"avia_2_1\" class=\"text_input is_empty\" type=\"text\" id=\"avia_2_1\" value=\"\"  placeholder='Pr\u00e9nom et nom*'\/><\/p><p class='  first_form  form_element form_element_half' id='element_avia_3_1'><label for=\"avia_3_1\">Rue <abbr class=\"required\" title=\"requis(e)\">*<\/abbr><\/label> <input name=\"avia_3_1\" class=\"text_input is_empty\" type=\"text\" id=\"avia_3_1\" value=\"\"  placeholder='Rue*'\/><\/p><p class='  form_element form_element_half' id='element_avia_4_1'><label for=\"avia_4_1\">CP, ville <abbr class=\"required\" title=\"requis(e)\">*<\/abbr><\/label> <input name=\"avia_4_1\" class=\"text_input is_empty\" type=\"text\" id=\"avia_4_1\" value=\"\"  placeholder='CP, ville*'\/><\/p><p class='  first_form  form_element form_element_half' id='element_avia_5_1'><label for=\"avia_5_1\">T\u00e9l\u00e9phone<\/label> <input name=\"avia_5_1\" class=\"text_input \" type=\"text\" id=\"avia_5_1\" value=\"\"  placeholder='T\u00e9l\u00e9phone'\/><\/p><p class='  form_element form_element_half' id='element_avia_6_1'><label for=\"avia_6_1\">E-mail <abbr class=\"required\" title=\"requis(e)\">*<\/abbr><\/label> <input name=\"avia_6_1\" class=\"text_input is_empty\" type=\"text\" id=\"avia_6_1\" value=\"\"  placeholder='E-mail*'\/><\/p><p class='  first_form  form_element form_fullwidth' id='element_avia_7_1'><label for=\"avia_7_1\" class=\"textare_label hidden textare_label_avia_7_1\">Votre message<\/label><textarea  placeholder='Votre message' name=\"avia_7_1\" class=\"text_area \" cols=\"40\" rows=\"7\" id=\"avia_7_1\" ><\/textarea><\/p><div id='avia_8_1' class='av-form-text'><\/p>\n<p style=\"text-align: center;\"><strong>Je recherche un distributeur sp\u00e9cialis\u00e9 pr\u00e8s de chez moi et m\u2019int\u00e9resse particuli\u00e8rement \u00e0:<\/strong><\/p>\n<p>\n<\/div><p class='  first_form  form_element form_fullwidth' id='element_avia_9_1'><input  name=\"avia_9_1\" class=\"input_checkbox \" type=\"checkbox\" id=\"avia_9_1\" value=\"true\"\/><label class=\"input_checkbox_label\" for=\"avia_9_1\">High chairs<\/label><\/p><p class='  first_form  form_element form_fullwidth' id='element_avia_10_1'><input  name=\"avia_10_1\" class=\"input_checkbox \" type=\"checkbox\" id=\"avia_10_1\" value=\"true\"\/><label class=\"input_checkbox_label\" for=\"avia_10_1\">Meubles pour enfants et adolescents<\/label><\/p><p class='  first_form  form_element form_fullwidth' id='element_avia_11_1'><input  name=\"avia_11_1\" class=\"input_checkbox \" type=\"checkbox\" id=\"avia_11_1\" value=\"true\"\/><label class=\"input_checkbox_label\" for=\"avia_11_1\">Si\u00e8ges dynamiques<\/label><\/p><p class='  first_form  form_element form_fullwidth' id='element_avia_12_1'><input  name=\"avia_12_1\" class=\"input_checkbox \" type=\"checkbox\" id=\"avia_12_1\" value=\"true\"\/><label class=\"input_checkbox_label\" for=\"avia_12_1\">Si\u00e8ge de relaxation<\/label><\/p><p class='  first_form  form_element form_fullwidth' id='element_avia_13_1'><input  name=\"avia_13_1\" class=\"input_checkbox \" type=\"checkbox\" id=\"avia_13_1\" value=\"true\"\/><label class=\"input_checkbox_label\" for=\"avia_13_1\">Poste de travail dynamique<\/label><\/p><p class='  first_form  form_element form_fullwidth' id='element_avia_14_1'><input  name=\"avia_14_1\" class=\"input_checkbox is_empty\" type=\"checkbox\" id=\"avia_14_1\" value=\"true\"\/><label class=\"input_checkbox_label\" for=\"avia_14_1\">J\u2018autorise l\u2019utilisation et le traitement de mes donn\u00e9es personnelles dans le cadre du traitement de ma demande. <abbr class=\"required\" title=\"requis(e)\">*<\/abbr><\/label><\/p><p class=\"hidden\"><input type=\"text\" name=\"avia_15_1\" class=\"hidden \" id=\"avia_15_1\" value=\"\" \/><\/p><p class='   form_element form_fullwidth' id='element_avia_16_1'><span class='value_verifier_label'>2 + 0 = ?<\/span><input name=\"avia_16_1_verifier\" type=\"hidden\" id=\"avia_16_1_verifier\" value=\"722486266\"\/><label for=\"avia_16_1\">Merci de prouver que vous \u00eates un humain en donnant le r\u00e9sultat de cette op\u00e9ration <abbr class=\"required\" title=\"requis(e)\">*<\/abbr><\/label><input name=\"avia_16_1\" class=\"text_input captcha\" type=\"text\" id=\"avia_16_1\" value=\"\"\/><\/p><p class=\"form_element \"><input type=\"hidden\" value=\"1\" name=\"avia_generated_form1\" \/><input type=\"submit\" value=\"envoyer\" class=\"button\"  data-sending-label=\"Envoi\"\/><\/p><\/fieldset><\/form><div id=\"ajaxresponse_1\" class=\"ajaxresponse ajaxresponse_1 hidden\"><\/div>\n<\/div><\/div>\n<style type=\"text\/css\" data-created_by=\"avia_inline_auto\" id=\"style-css-av-av_cell_one_fifth-bb0275f5cd7178472aca901ebec9d635\">\n.flex_cell.av-av_cell_one_fifth-bb0275f5cd7178472aca901ebec9d635{\nvertical-align:top;\nbackground-color:#ffffff;\n}\n.responsive #top #wrap_all .flex_cell.av-av_cell_one_fifth-bb0275f5cd7178472aca901ebec9d635{\npadding:30px 30px 30px 30px !important;\n}\n<\/style>\n<div class='flex_cell av-av_cell_one_fifth-bb0275f5cd7178472aca901ebec9d635 av-gridrow-cell av_one_fifth no_margin  avia-builder-el-17  el_after_av_cell_three_fifth  avia-builder-el-last  content-align-top'  ><div class='flex_cell_inner'><\/div><\/div><\/div><div id='after_grid_row_2'  class='main_color av_default_container_wrap container_wrap fullsize'  ><div class='container av-section-cont-open' ><div class='template-page content  av-content-full alpha units'><div class='post-entry post-entry-type-page post-entry-6404'><div class='entry-content-wrapper clearfix'>\n<style type=\"text\/css\" data-created_by=\"avia_inline_auto\" id=\"style-css-av-av_hr-4474f20d2389e2e5ecf918a02da5132e\">\n#top .hr.hr-invisible.av-av_hr-4474f20d2389e2e5ecf918a02da5132e{\nheight:50px;\n}\n<\/style>\n<div  class='hr av-av_hr-4474f20d2389e2e5ecf918a02da5132e hr-invisible  avia-builder-el-18  el_after_av_layout_row  avia-builder-el-no-sibling '><span class='hr-inner '><span class=\"hr-inner-style\"><\/span><\/span><\/div><\/p>\n","protected":false},"excerpt":{"rendered":"","protected":false},"author":4,"featured_media":0,"parent":0,"menu_order":0,"comment_status":"closed","ping_status":"closed","template":"","meta":{"footnotes":""},"class_list":["post-6404","page","type-page","status-publish","hentry"],"yoast_head":"<!-- This site is optimized with the Yoast SEO plugin v27.6 - https:\/\/yoast.com\/product\/yoast-seo-wordpress\/ -->\n<title>Contact - MOIZI<\/title>\n<meta name=\"robots\" content=\"index, follow, max-snippet:-1, max-image-preview:large, max-video-preview:-1\" \/>\n<link rel=\"canonical\" href=\"https:\/\/www.moizi.de\/fr\/contact\/\" \/>\n<meta property=\"og:locale\" content=\"fr_FR\" \/>\n<meta property=\"og:type\" content=\"article\" \/>\n<meta property=\"og:title\" content=\"Contact - MOIZI\" \/>\n<meta property=\"og:url\" content=\"https:\/\/www.moizi.de\/fr\/contact\/\" \/>\n<meta property=\"og:site_name\" content=\"MOIZI\" \/>\n<meta property=\"article:modified_time\" content=\"2018-06-06T15:19:20+00:00\" \/>\n<meta name=\"twitter:card\" content=\"summary_large_image\" \/>\n<meta name=\"twitter:label1\" content=\"Dur\u00e9e de lecture estim\u00e9e\" \/>\n\t<meta name=\"twitter:data1\" content=\"6 minutes\" \/>\n<script type=\"application\/ld+json\" class=\"yoast-schema-graph\">{\"@context\":\"https:\\\/\\\/schema.org\",\"@graph\":[{\"@type\":\"WebPage\",\"@id\":\"https:\\\/\\\/www.moizi.de\\\/fr\\\/contact\\\/\",\"url\":\"https:\\\/\\\/www.moizi.de\\\/fr\\\/contact\\\/\",\"name\":\"Contact - MOIZI\",\"isPartOf\":{\"@id\":\"https:\\\/\\\/www.moizi.de\\\/#website\"},\"datePublished\":\"2018-02-20T14:18:50+00:00\",\"dateModified\":\"2018-06-06T15:19:20+00:00\",\"breadcrumb\":{\"@id\":\"https:\\\/\\\/www.moizi.de\\\/fr\\\/contact\\\/#breadcrumb\"},\"inLanguage\":\"fr-FR\",\"potentialAction\":[{\"@type\":\"ReadAction\",\"target\":[\"https:\\\/\\\/www.moizi.de\\\/fr\\\/contact\\\/\"]}]},{\"@type\":\"BreadcrumbList\",\"@id\":\"https:\\\/\\\/www.moizi.de\\\/fr\\\/contact\\\/#breadcrumb\",\"itemListElement\":[{\"@type\":\"ListItem\",\"position\":1,\"name\":\"Startseite\",\"item\":\"https:\\\/\\\/www.moizi.de\\\/fr\\\/\"},{\"@type\":\"ListItem\",\"position\":2,\"name\":\"Contact\"}]},{\"@type\":\"WebSite\",\"@id\":\"https:\\\/\\\/www.moizi.de\\\/#website\",\"url\":\"https:\\\/\\\/www.moizi.de\\\/\",\"name\":\"MOIZI\",\"description\":\"Bewegt sitzen\",\"potentialAction\":[{\"@type\":\"SearchAction\",\"target\":{\"@type\":\"EntryPoint\",\"urlTemplate\":\"https:\\\/\\\/www.moizi.de\\\/?s={search_term_string}\"},\"query-input\":{\"@type\":\"PropertyValueSpecification\",\"valueRequired\":true,\"valueName\":\"search_term_string\"}}],\"inLanguage\":\"fr-FR\"}]}<\/script>\n<!-- \/ Yoast SEO plugin. -->","yoast_head_json":{"title":"Contact - MOIZI","robots":{"index":"index","follow":"follow","max-snippet":"max-snippet:-1","max-image-preview":"max-image-preview:large","max-video-preview":"max-video-preview:-1"},"canonical":"https:\/\/www.moizi.de\/fr\/contact\/","og_locale":"fr_FR","og_type":"article","og_title":"Contact - MOIZI","og_url":"https:\/\/www.moizi.de\/fr\/contact\/","og_site_name":"MOIZI","article_modified_time":"2018-06-06T15:19:20+00:00","twitter_card":"summary_large_image","twitter_misc":{"Dur\u00e9e de lecture estim\u00e9e":"6 minutes"},"schema":{"@context":"https:\/\/schema.org","@graph":[{"@type":"WebPage","@id":"https:\/\/www.moizi.de\/fr\/contact\/","url":"https:\/\/www.moizi.de\/fr\/contact\/","name":"Contact - MOIZI","isPartOf":{"@id":"https:\/\/www.moizi.de\/#website"},"datePublished":"2018-02-20T14:18:50+00:00","dateModified":"2018-06-06T15:19:20+00:00","breadcrumb":{"@id":"https:\/\/www.moizi.de\/fr\/contact\/#breadcrumb"},"inLanguage":"fr-FR","potentialAction":[{"@type":"ReadAction","target":["https:\/\/www.moizi.de\/fr\/contact\/"]}]},{"@type":"BreadcrumbList","@id":"https:\/\/www.moizi.de\/fr\/contact\/#breadcrumb","itemListElement":[{"@type":"ListItem","position":1,"name":"Startseite","item":"https:\/\/www.moizi.de\/fr\/"},{"@type":"ListItem","position":2,"name":"Contact"}]},{"@type":"WebSite","@id":"https:\/\/www.moizi.de\/#website","url":"https:\/\/www.moizi.de\/","name":"MOIZI","description":"Bewegt sitzen","potentialAction":[{"@type":"SearchAction","target":{"@type":"EntryPoint","urlTemplate":"https:\/\/www.moizi.de\/?s={search_term_string}"},"query-input":{"@type":"PropertyValueSpecification","valueRequired":true,"valueName":"search_term_string"}}],"inLanguage":"fr-FR"}]}},"_links":{"self":[{"href":"https:\/\/www.moizi.de\/fr\/wp-json\/wp\/v2\/pages\/6404","targetHints":{"allow":["GET"]}}],"collection":[{"href":"https:\/\/www.moizi.de\/fr\/wp-json\/wp\/v2\/pages"}],"about":[{"href":"https:\/\/www.moizi.de\/fr\/wp-json\/wp\/v2\/types\/page"}],"author":[{"embeddable":true,"href":"https:\/\/www.moizi.de\/fr\/wp-json\/wp\/v2\/users\/4"}],"replies":[{"embeddable":true,"href":"https:\/\/www.moizi.de\/fr\/wp-json\/wp\/v2\/comments?post=6404"}],"version-history":[{"count":9,"href":"https:\/\/www.moizi.de\/fr\/wp-json\/wp\/v2\/pages\/6404\/revisions"}],"predecessor-version":[{"id":7844,"href":"https:\/\/www.moizi.de\/fr\/wp-json\/wp\/v2\/pages\/6404\/revisions\/7844"}],"wp:attachment":[{"href":"https:\/\/www.moizi.de\/fr\/wp-json\/wp\/v2\/media?parent=6404"}],"curies":[{"name":"wp","href":"https:\/\/api.w.org\/{rel}","templated":true}]}}